{"id":765,"date":"2014-03-20T22:35:31","date_gmt":"2014-03-20T21:35:31","guid":{"rendered":"http:\/\/www.old.wces.eu\/?page_id=765"},"modified":"2015-10-04T12:10:14","modified_gmt":"2015-10-04T11:10:14","slug":"przetargi","status":"publish","type":"page","link":"https:\/\/oldwces.barka.org.pl\/?page_id=765","title":{"rendered":"Zapytania ofertowe"},"content":{"rendered":"<p><a href=\"http:\/\/www.old.wces.eu\/?cat=64\">Konkursy og\u0142oszone w roku 2015<\/a><\/p>\n<p><a href=\"http:\/\/www.old.wces.eu\/?cat=39\">Konkursy og\u0142oszone w roku 2014<\/a><\/p>\n<p><a href=\"http:\/\/www.old.wces.eu\/?cat=40\">Konkursy og\u0142oszone w roku 2013<\/a><\/p>\n","protected":false},"excerpt":{"rendered":"<p>Konkursy og\u0142oszone w roku 2015 Konkursy og\u0142oszone w roku 2014 Konkursy og\u0142oszone w roku 2013<\/p>\n","protected":false},"author":1,"featured_media":0,"parent":0,"menu_order":0,"comment_status":"closed","ping_status":"closed","template":"sidebar-page.php","meta":{"jetpack_post_was_ever_published":false,"footnotes":""},"class_list":["post-765","page","type-page","status-publish","hentry"],"aioseo_notices":[],"jetpack_shortlink":"https:\/\/wp.me\/P41gHA-cl","jetpack_sharing_enabled":true,"_links":{"self":[{"href":"https:\/\/oldwces.barka.org.pl\/index.php?rest_route=\/wp\/v2\/pages\/765","targetHints":{"allow":["GET"]}}],"collection":[{"href":"https:\/\/oldwces.barka.org.pl\/index.php?rest_route=\/wp\/v2\/pages"}],"about":[{"href":"https:\/\/oldwces.barka.org.pl\/index.php?rest_route=\/wp\/v2\/types\/page"}],"author":[{"embeddable":true,"href":"https:\/\/oldwces.barka.org.pl\/index.php?rest_route=\/wp\/v2\/users\/1"}],"replies":[{"embeddable":true,"href":"https:\/\/oldwces.barka.org.pl\/index.php?rest_route=%2Fwp%2Fv2%2Fcomments&post=765"}],"version-history":[{"count":5,"href":"https:\/\/oldwces.barka.org.pl\/index.php?rest_route=\/wp\/v2\/pages\/765\/revisions"}],"predecessor-version":[{"id":2396,"href":"https:\/\/oldwces.barka.org.pl\/index.php?rest_route=\/wp\/v2\/pages\/765\/revisions\/2396"}],"wp:attachment":[{"href":"https:\/\/oldwces.barka.org.pl\/index.php?rest_route=%2Fwp%2Fv2%2Fmedia&parent=765"}],"curies":[{"name":"wp","href":"https:\/\/api.w.org\/{rel}","templated":true}]}}