{"id":60,"date":"2013-05-22T13:01:17","date_gmt":"2013-05-22T12:01:17","guid":{"rendered":"http:\/\/www.old.wces.eu\/?page_id=60"},"modified":"2015-03-24T11:34:20","modified_gmt":"2015-03-24T10:34:20","slug":"fundacja-barka","status":"publish","type":"page","link":"https:\/\/oldwces.barka.org.pl\/?page_id=60","title":{"rendered":"Fundacja Barka"},"content":{"rendered":"<div id=\"attachment_126\" style=\"width: 310px\" class=\"wp-caption alignnone\"><a href=\"http:\/\/www.old.wces.eu\/wp-content\/uploads\/2013\/10\/BARKA_logo.jpg\"><img loading=\"lazy\" decoding=\"async\" aria-describedby=\"caption-attachment-126\" class=\"size-medium wp-image-126\" src=\"http:\/\/www.old.wces.eu\/wp-content\/uploads\/2013\/10\/BARKA_logo-300x94.jpg\" alt=\"Fundacja Pomocy Wzajemnej Barka\" width=\"300\" height=\"94\" srcset=\"https:\/\/oldwces.barka.org.pl\/wp-content\/uploads\/2013\/10\/BARKA_logo-300x94.jpg 300w, https:\/\/oldwces.barka.org.pl\/wp-content\/uploads\/2013\/10\/BARKA_logo-500x156.jpg 500w, https:\/\/oldwces.barka.org.pl\/wp-content\/uploads\/2013\/10\/BARKA_logo.jpg 1014w\" sizes=\"auto, (max-width: 300px) 100vw, 300px\" \/><\/a><p id=\"caption-attachment-126\" class=\"wp-caption-text\">Fundacja Pomocy Wzajemnej Barka<\/p><\/div>\n<p style=\"text-align: justify;\">Fundacja Pomocy Wzajemnej \u201eBarka&#8221; tworzy \u015brodowiska, struktury spo\u0142eczne, w kt\u00f3rych \u201ezapomniani oraz niechciani&#8221; cz\u0142onkowie spo\u0142ecze\u0144stwa mieliby szans\u0119 rozwoju osobistego i spo\u0142ecznego<\/p>\n<p style=\"text-align: justify;\"><strong>Misja<\/strong><br \/>\nG\u0142\u00f3wnym zadaniem Fundacji Barka jest stworzenie programu rozwoju systemu w Polsce, ale i w krajach tzw. transformacji oraz w krajach rozwijaj\u0105cych si\u0119. Na program rozwoju sk\u0142adaj\u0105 si\u0119: tworzenie Szk\u00f3\u0142 Animacji Socjalnej (SAS), opartych o ide\u0119 tzw. Uniwersytet\u00f3w Ludowych; korzystaj\u0105 one z do\u015bwiadcze\u0144 i wiedzy tych, kt\u00f3rzy mi\u0119dzy innymi do\u015bwiadczyli ub\u00f3stwa, a tak\u017ce powa\u017cnych trudno\u015bci \u017cyciowych i dzisiaj potrafi\u0105 w spos\u00f3b profesjonalny przekazywa\u0107 sw\u0105 wiedz\u0119 o mechanizmach tworzenia mo\u017cliwo\u015bci rozwoju program\u00f3w przeciwdzia\u0142ania wykluczeniu spo\u0142ecznemu grupom z r\u00f3\u017cnych rejon\u00f3w Polski i Europy.<\/p>\n<p><iframe loading=\"lazy\" src=\"https:\/\/www.youtube.com\/embed\/pCynaKLdJRk?rel=0&amp;showinfo=0\" width=\"600\" height=\"338\" frameborder=\"0\" allowfullscreen=\"allowfullscreen\"><\/iframe><\/p>\n<p style=\"text-align: justify;\"><strong><br \/>\nOpis<br \/>\n<\/strong>Fundacja Pomocy Wzajemnej \u201eBarka&#8221; powsta\u0142a w odpowiedzi na rosn\u0105ce problemy spo\u0142eczne okresu transformacji. Barbara i Tomasz Sadowscy pragn\u0119li stworzy\u0107 \u015brodowiska, struktury spo\u0142eczne, w kt\u00f3rych \u201ezapomniani oraz niechciani&#8221; cz\u0142onkowie spo\u0142ecze\u0144stwa polskiego mieliby szans\u0119 rozwoju osobistego i spo\u0142ecznego. Ta misja \u201eBarki&#8221; zaowocowa\u0142a utworzeniem alternatywnego systemu pomocy, kt\u00f3ry skupia ludzi z grup zaniedbanych spo\u0142ecznie, umo\u017cliwiaj\u0105c im odbudowanie w\u0142asnej to\u017csamo\u015bci, szeroko poj\u0119te kszta\u0142cenie i odnalezienie si\u0119 w nowej rzeczywisto\u015bci spo\u0142eczno &#8211; ekonomicznej. Fundacja Barka jest organizacj\u0105 pozarz\u0105dow\u0105; jej celem jest rozw\u00f3j spo\u0142eczny grup marginalizowanych, zapewnienie im szansy odbudowy \u017cycia przez stworzenie programu pomocy wzajemnej, edukacji, rozwoju przedsi\u0119biorczo\u015bci w spo\u0142ecze\u0144stwie obywatelskim. Celem Fundacji jest tworzenie systemu wsparcia dla procesu integracji grup spo\u0142ecznie marginalizowanych, na kt\u00f3ry sk\u0142adaj\u0105 si\u0119 programy obejmuj\u0105ce ok. 5000 os\u00f3b rocznie ( w tym osoby w kryzysach \u017cyciowych, nieformalne grupy obywateli, organizacje pozarz\u0105dowe, przedstawiciele samorz\u0105du a tak\u017ce administracji rz\u0105dowej.<\/p>\n<p style=\"text-align: justify;\">Wi\u0119cej informacji o Fundacji Barka znajduje si\u0119 na stronie <a title=\"Fundacja Barka\" href=\"http:\/\/www.barka.org.pl\" target=\"_blank\">www.barka.org.pl<\/a><\/p>\n","protected":false},"excerpt":{"rendered":"<p>Fundacja Pomocy Wzajemnej \u201eBarka&#8221; tworzy \u015brodowiska, struktury spo\u0142eczne, w kt\u00f3rych \u201ezapomniani oraz niechciani&#8221; cz\u0142onkowie spo\u0142ecze\u0144stwa mieliby szans\u0119 rozwoju osobistego i spo\u0142ecznego Misja G\u0142\u00f3wnym zadaniem Fundacji Barka jest stworzenie programu rozwoju systemu w Polsce, ale i w krajach tzw. transformacji oraz &hellip; <a href=\"https:\/\/oldwces.barka.org.pl\/?page_id=60\">Czytaj dalej <span class=\"meta-nav\">&rarr;<\/span><\/a><\/p>\n","protected":false},"author":1,"featured_media":0,"parent":0,"menu_order":0,"comment_status":"closed","ping_status":"closed","template":"sidebar-page.php","meta":{"jetpack_post_was_ever_published":false,"footnotes":""},"class_list":["post-60","page","type-page","status-publish","hentry"],"aioseo_notices":[],"jetpack_shortlink":"https:\/\/wp.me\/P41gHA-Y","jetpack_sharing_enabled":true,"_links":{"self":[{"href":"https:\/\/oldwces.barka.org.pl\/index.php?rest_route=\/wp\/v2\/pages\/60","targetHints":{"allow":["GET"]}}],"collection":[{"href":"https:\/\/oldwces.barka.org.pl\/index.php?rest_route=\/wp\/v2\/pages"}],"about":[{"href":"https:\/\/oldwces.barka.org.pl\/index.php?rest_route=\/wp\/v2\/types\/page"}],"author":[{"embeddable":true,"href":"https:\/\/oldwces.barka.org.pl\/index.php?rest_route=\/wp\/v2\/users\/1"}],"replies":[{"embeddable":true,"href":"https:\/\/oldwces.barka.org.pl\/index.php?rest_route=%2Fwp%2Fv2%2Fcomments&post=60"}],"version-history":[{"count":6,"href":"https:\/\/oldwces.barka.org.pl\/index.php?rest_route=\/wp\/v2\/pages\/60\/revisions"}],"predecessor-version":[{"id":2076,"href":"https:\/\/oldwces.barka.org.pl\/index.php?rest_route=\/wp\/v2\/pages\/60\/revisions\/2076"}],"wp:attachment":[{"href":"https:\/\/oldwces.barka.org.pl\/index.php?rest_route=%2Fwp%2Fv2%2Fmedia&parent=60"}],"curies":[{"name":"wp","href":"https:\/\/api.w.org\/{rel}","templated":true}]}}