{"id":5099,"date":"2018-04-08T07:05:12","date_gmt":"2018-04-08T06:05:12","guid":{"rendered":"http:\/\/www.old.wces.eu\/?page_id=5099"},"modified":"2018-07-16T09:10:21","modified_gmt":"2018-07-16T08:10:21","slug":"konkurs-na-koncepcje-ps","status":"publish","type":"page","link":"https:\/\/oldwces.barka.org.pl\/?page_id=5099","title":{"rendered":"Konkurs na koncepcj\u0119 PS"},"content":{"rendered":"<p><img loading=\"lazy\" decoding=\"async\" class=\"size-medium wp-image-5155 aligncenter\" src=\"http:\/\/www.old.wces.eu\/wp-content\/uploads\/2018\/04\/es-koncepcja-300x104.jpg\" alt=\"\" width=\"300\" height=\"104\" srcset=\"https:\/\/oldwces.barka.org.pl\/wp-content\/uploads\/2018\/04\/es-koncepcja-300x104.jpg 300w, https:\/\/oldwces.barka.org.pl\/wp-content\/uploads\/2018\/04\/es-koncepcja-768x267.jpg 768w, https:\/\/oldwces.barka.org.pl\/wp-content\/uploads\/2018\/04\/es-koncepcja-500x174.jpg 500w, https:\/\/oldwces.barka.org.pl\/wp-content\/uploads\/2018\/04\/es-koncepcja.jpg 790w\" sizes=\"auto, (max-width: 300px) 100vw, 300px\" \/><\/p>\n<p style=\"text-align: justify;\">Konkurs na koncepcj\u0119 Przedsi\u0119biorstwa Spo\u0142ecznego dzia\u0142aj\u0105cego w kluczowych sferach rozwojowych wskazanych w Dzia\u0142aniu I.4 Krajowego Programu Rozwoju Ekonomii Spo\u0142ecznej, tj. zr\u00f3wnowa\u017cony rozw\u00f3j, solidarno\u015b\u0107 pokole\u0144, polityka rodzinna, turystyka spo\u0142eczna, budownictwo spo\u0142eczne, lokalne produkty kulturowe.<\/p>\n<p><strong><img loading=\"lazy\" decoding=\"async\" class=\" wp-image-5386 alignleft\" src=\"http:\/\/www.old.wces.eu\/wp-content\/uploads\/2018\/07\/cup-1613315_1280-300x150.jpg\" alt=\"\" width=\"238\" height=\"125\" \/><\/strong><\/p>\n<p style=\"margin: 0cm; margin-bottom: .0001pt;\"><strong>W Konkursie zosta\u0142y przewidziane nagrody: <\/strong><\/p>\n<p style=\"margin: 0cm; margin-bottom: .0001pt;\"><strong>miejsce I \u2013 5.000,00 z\u0142, <\/strong><\/p>\n<p style=\"margin: 0cm; margin-bottom: .0001pt;\"><strong>miejsce II \u2013 3.000,00 z\u0142, <\/strong><\/p>\n<p style=\"margin: 0cm; margin-bottom: .0001pt;\"><strong>miejsce III \u2013 1.000,00 z\u0142.<\/strong><\/p>\n<p>&nbsp;<\/p>\n<p style=\"text-align: justify;\">Konkurs ma charakter otwarty, adresowany jest g\u0142\u00f3wnie do pe\u0142noletnich przedstawicieli podmiot\u00f3w ekonomii spo\u0142ecznej, organizacji pozarz\u0105dowych, os\u00f3b indywidualnych zainteresowanych rozwojem kariery w obszarze ekonomii spo\u0142ecznej, student\u00f3w kierunk\u00f3w spo\u0142ecznych z subregionu pozna\u0144skiego (Powiat Pozna\u0144, pozna\u0144ski, obornicki, szamotulski, \u015bremski, \u015bredzki). Ma na celu pobudzenie wyobra\u017ani biznesowej i wykreowanie nowych rodzaj\u00f3w us\u0142ug przez przedsi\u0119biorstwa spo\u0142eczne, a tak\u017ce podniesienie jako\u015bci us\u0142ug oferowanych przez przedsi\u0119biorstwa spo\u0142eczne.<\/p>\n<p style=\"text-align: justify;\"><strong>Koncepcje<\/strong> nale\u017cy <strong>przes\u0142a\u0107<\/strong> <strong>do dnia 16 sierpnia<\/strong> 2018 r. na adres: elzbieta.malik@barka.org.pl. <strong>Og\u0142oszenie wynik\u00f3w<\/strong> nast\u0105pi <strong>do 26 sierpnia<\/strong> 2018 r. poprzez zamieszczenie informacji na konkursowym profilu na Facebooku: <a href=\"https:\/\/www.facebook.com\/events\/181689579357745\/\">https:\/\/www.facebook.com\/events\/181689579357745\/<\/a><\/p>\n<p>\u00a0\u00a0\u00a0 <img loading=\"lazy\" decoding=\"async\" class=\"alignnone wp-image-5142\" src=\"http:\/\/www.old.wces.eu\/wp-content\/uploads\/2018\/04\/flat-2126884_1280-300x300.png\" alt=\"\" width=\"80\" height=\"80\" srcset=\"https:\/\/oldwces.barka.org.pl\/wp-content\/uploads\/2018\/04\/flat-2126884_1280-300x300.png 300w, https:\/\/oldwces.barka.org.pl\/wp-content\/uploads\/2018\/04\/flat-2126884_1280-150x150.png 150w, https:\/\/oldwces.barka.org.pl\/wp-content\/uploads\/2018\/04\/flat-2126884_1280-768x768.png 768w, https:\/\/oldwces.barka.org.pl\/wp-content\/uploads\/2018\/04\/flat-2126884_1280-1024x1024.png 1024w, https:\/\/oldwces.barka.org.pl\/wp-content\/uploads\/2018\/04\/flat-2126884_1280-144x144.png 144w, https:\/\/oldwces.barka.org.pl\/wp-content\/uploads\/2018\/04\/flat-2126884_1280.png 1280w\" sizes=\"auto, (max-width: 80px) 100vw, 80px\" \/> \u00a0 \u00a0 \u00a0 \u00a0\u00a0 \u00a0 <img loading=\"lazy\" decoding=\"async\" class=\"alignnone wp-image-5142\" src=\"http:\/\/www.old.wces.eu\/wp-content\/uploads\/2018\/04\/flat-2126884_1280-300x300.png\" alt=\"\" width=\"80\" height=\"80\" srcset=\"https:\/\/oldwces.barka.org.pl\/wp-content\/uploads\/2018\/04\/flat-2126884_1280-300x300.png 300w, https:\/\/oldwces.barka.org.pl\/wp-content\/uploads\/2018\/04\/flat-2126884_1280-150x150.png 150w, https:\/\/oldwces.barka.org.pl\/wp-content\/uploads\/2018\/04\/flat-2126884_1280-768x768.png 768w, https:\/\/oldwces.barka.org.pl\/wp-content\/uploads\/2018\/04\/flat-2126884_1280-1024x1024.png 1024w, https:\/\/oldwces.barka.org.pl\/wp-content\/uploads\/2018\/04\/flat-2126884_1280-144x144.png 144w, https:\/\/oldwces.barka.org.pl\/wp-content\/uploads\/2018\/04\/flat-2126884_1280.png 1280w\" sizes=\"auto, (max-width: 80px) 100vw, 80px\" \/> \u00a0 \u00a0 \u00a0\u00a0 \u00a0\u00a0 \u00a0 <img loading=\"lazy\" decoding=\"async\" class=\"alignnone wp-image-5142\" src=\"http:\/\/www.old.wces.eu\/wp-content\/uploads\/2018\/04\/flat-2126884_1280-300x300.png\" alt=\"\" width=\"80\" height=\"80\" srcset=\"https:\/\/oldwces.barka.org.pl\/wp-content\/uploads\/2018\/04\/flat-2126884_1280-300x300.png 300w, https:\/\/oldwces.barka.org.pl\/wp-content\/uploads\/2018\/04\/flat-2126884_1280-150x150.png 150w, https:\/\/oldwces.barka.org.pl\/wp-content\/uploads\/2018\/04\/flat-2126884_1280-768x768.png 768w, https:\/\/oldwces.barka.org.pl\/wp-content\/uploads\/2018\/04\/flat-2126884_1280-1024x1024.png 1024w, https:\/\/oldwces.barka.org.pl\/wp-content\/uploads\/2018\/04\/flat-2126884_1280-144x144.png 144w, https:\/\/oldwces.barka.org.pl\/wp-content\/uploads\/2018\/04\/flat-2126884_1280.png 1280w\" sizes=\"auto, (max-width: 80px) 100vw, 80px\" \/>\u00a0 \u00a0 \u00a0 \u00a0 \u00a0 \u00a0 \u00a0 <img loading=\"lazy\" decoding=\"async\" class=\"alignnone wp-image-5142\" src=\"http:\/\/www.old.wces.eu\/wp-content\/uploads\/2018\/04\/flat-2126884_1280-300x300.png\" alt=\"\" width=\"80\" height=\"80\" srcset=\"https:\/\/oldwces.barka.org.pl\/wp-content\/uploads\/2018\/04\/flat-2126884_1280-300x300.png 300w, https:\/\/oldwces.barka.org.pl\/wp-content\/uploads\/2018\/04\/flat-2126884_1280-150x150.png 150w, https:\/\/oldwces.barka.org.pl\/wp-content\/uploads\/2018\/04\/flat-2126884_1280-768x768.png 768w, https:\/\/oldwces.barka.org.pl\/wp-content\/uploads\/2018\/04\/flat-2126884_1280-1024x1024.png 1024w, https:\/\/oldwces.barka.org.pl\/wp-content\/uploads\/2018\/04\/flat-2126884_1280-144x144.png 144w, https:\/\/oldwces.barka.org.pl\/wp-content\/uploads\/2018\/04\/flat-2126884_1280.png 1280w\" sizes=\"auto, (max-width: 80px) 100vw, 80px\" \/><\/p>\n<p>Regulamin konkursu: <a href=\"http:\/\/www.old.wces.eu\/wp-content\/uploads\/2018\/07\/Regulamin-Konkursu-ES-KONCEPCJA.pdf\">Regulamin Konkursu ES-KONCEPCJA<\/a><\/p>\n<p>Kluczowe sfery rozwojowe: <a href=\"http:\/\/www.old.wces.eu\/wp-content\/uploads\/2018\/07\/Za\u0142-2-Kluczowe-sfery-rozwojowe.pdf\">Za\u0142 2 Kluczowe sfery rozwojowe<\/a><\/p>\n<p>Formularz zg\u0142oszeniowy: <a href=\"http:\/\/www.old.wces.eu\/wp-content\/uploads\/2018\/07\/Za\u0142-1-Formularz-zg\u0142oszeniowy.pdf\">Za\u0142 1 Formularz zg\u0142oszeniowy<\/a><\/p>\n<p>Koncepcja PS: <a href=\"http:\/\/www.old.wces.eu\/wp-content\/uploads\/2018\/07\/Za\u0142-3-Koncepcja-PS.pdf\">Za\u0142 3 Koncepcja PS<\/a><\/p>\n","protected":false},"excerpt":{"rendered":"<p>Konkurs na koncepcj\u0119 Przedsi\u0119biorstwa Spo\u0142ecznego dzia\u0142aj\u0105cego w kluczowych sferach rozwojowych wskazanych w Dzia\u0142aniu I.4 Krajowego Programu Rozwoju Ekonomii Spo\u0142ecznej, tj. zr\u00f3wnowa\u017cony rozw\u00f3j, solidarno\u015b\u0107 pokole\u0144, polityka rodzinna, turystyka spo\u0142eczna, budownictwo spo\u0142eczne, lokalne produkty kulturowe. W Konkursie zosta\u0142y przewidziane nagrody: miejsce I &hellip; <a href=\"https:\/\/oldwces.barka.org.pl\/?page_id=5099\">Czytaj dalej <span class=\"meta-nav\">&rarr;<\/span><\/a><\/p>\n","protected":false},"author":4,"featured_media":0,"parent":0,"menu_order":0,"comment_status":"closed","ping_status":"closed","template":"","meta":{"jetpack_post_was_ever_published":false,"footnotes":""},"class_list":["post-5099","page","type-page","status-publish","hentry"],"aioseo_notices":[],"jetpack_shortlink":"https:\/\/wp.me\/P41gHA-1kf","jetpack_sharing_enabled":true,"_links":{"self":[{"href":"https:\/\/oldwces.barka.org.pl\/index.php?rest_route=\/wp\/v2\/pages\/5099","targetHints":{"allow":["GET"]}}],"collection":[{"href":"https:\/\/oldwces.barka.org.pl\/index.php?rest_route=\/wp\/v2\/pages"}],"about":[{"href":"https:\/\/oldwces.barka.org.pl\/index.php?rest_route=\/wp\/v2\/types\/page"}],"author":[{"embeddable":true,"href":"https:\/\/oldwces.barka.org.pl\/index.php?rest_route=\/wp\/v2\/users\/4"}],"replies":[{"embeddable":true,"href":"https:\/\/oldwces.barka.org.pl\/index.php?rest_route=%2Fwp%2Fv2%2Fcomments&post=5099"}],"version-history":[{"count":8,"href":"https:\/\/oldwces.barka.org.pl\/index.php?rest_route=\/wp\/v2\/pages\/5099\/revisions"}],"predecessor-version":[{"id":5395,"href":"https:\/\/oldwces.barka.org.pl\/index.php?rest_route=\/wp\/v2\/pages\/5099\/revisions\/5395"}],"wp:attachment":[{"href":"https:\/\/oldwces.barka.org.pl\/index.php?rest_route=%2Fwp%2Fv2%2Fmedia&parent=5099"}],"curies":[{"name":"wp","href":"https:\/\/api.w.org\/{rel}","templated":true}]}}