{"id":5008,"date":"2018-03-07T11:14:37","date_gmt":"2018-03-07T10:14:37","guid":{"rendered":"http:\/\/www.old.wces.eu\/?page_id=5008"},"modified":"2018-03-07T11:14:37","modified_gmt":"2018-03-07T10:14:37","slug":"fundacja-damdam","status":"publish","type":"page","link":"https:\/\/oldwces.barka.org.pl\/?page_id=5008","title":{"rendered":"Fundacja DAMDAM"},"content":{"rendered":"<p style=\"text-align: justify;\"><img loading=\"lazy\" decoding=\"async\" class=\" wp-image-5006 alignleft\" src=\"http:\/\/www.old.wces.eu\/wp-content\/uploads\/2018\/03\/logo.jpg\" alt=\"\" width=\"193\" height=\"193\" srcset=\"https:\/\/oldwces.barka.org.pl\/wp-content\/uploads\/2018\/03\/logo.jpg 200w, https:\/\/oldwces.barka.org.pl\/wp-content\/uploads\/2018\/03\/logo-150x150.jpg 150w, https:\/\/oldwces.barka.org.pl\/wp-content\/uploads\/2018\/03\/logo-144x144.jpg 144w\" sizes=\"auto, (max-width: 193px) 100vw, 193px\" \/>Stworzenie przedsi\u0119biorstwa spo\u0142ecznego jakim jest Fundacja DAMDAM, to wynik do\u015bwiadcze\u0144 Joanny Tomczak i Filipa Szymczaka, kt\u00f3rzy wcze\u015bniej wsp\u00f3\u0142tworzyli kolektyw muzyczny City Inside Art, dzia\u0142aj\u0105cy p\u00f3\u017aniej jako Stowarzyszenie. Pod tym szyldem wsp\u00f3lnie organizowali imprezy, prowadzili warsztaty, wyst\u0119powali na scenie, a 2012 otworzyli niezale\u017cn\u0105 wytw\u00f3rni\u0119 p\u0142ytow\u0105 Rec.Out. Trzy lata p\u00f3\u017aniej z inicjatywy Joanny Tomczak powsta\u0142 klub TAMA, zlokalizowany przy ulicy Garbary, aktualnie w Izbie Rzemie\u015blniczej w Poznaniu. Podmiot Ekonomii Spo\u0142ecznej jakim jest Fundacja DAMDAM to synteza powy\u017cszych do\u015bwiadcze\u0144 zar\u00f3wno ze Stowarzyszenia jaki i prowadzenia klubu, zebrana wiedza i umiej\u0119tno\u015bci pozwol\u0105 nam si\u0119 swobodnie porusza\u0107 w sferze gospodarki wolnorynkowej jak i w dzia\u0142alno\u015bci III sektora.<\/p>\n<p style=\"text-align: justify;\"><img loading=\"lazy\" decoding=\"async\" class=\"alignnone size-full wp-image-5007\" src=\"http:\/\/www.old.wces.eu\/wp-content\/uploads\/2018\/03\/scena1.jpg\" alt=\"\" width=\"200\" height=\"200\" srcset=\"https:\/\/oldwces.barka.org.pl\/wp-content\/uploads\/2018\/03\/scena1.jpg 200w, https:\/\/oldwces.barka.org.pl\/wp-content\/uploads\/2018\/03\/scena1-150x150.jpg 150w, https:\/\/oldwces.barka.org.pl\/wp-content\/uploads\/2018\/03\/scena1-144x144.jpg 144w\" sizes=\"auto, (max-width: 200px) 100vw, 200px\" \/> <img loading=\"lazy\" decoding=\"async\" class=\"alignnone  wp-image-5004\" src=\"http:\/\/www.old.wces.eu\/wp-content\/uploads\/2018\/03\/dj1-200x300.jpg\" alt=\"\" width=\"133\" height=\"195\" \/> <img loading=\"lazy\" decoding=\"async\" class=\"alignnone size-full wp-image-5002\" src=\"http:\/\/www.old.wces.eu\/wp-content\/uploads\/2018\/03\/scena.jpg\" alt=\"\" width=\"200\" height=\"200\" srcset=\"https:\/\/oldwces.barka.org.pl\/wp-content\/uploads\/2018\/03\/scena.jpg 200w, https:\/\/oldwces.barka.org.pl\/wp-content\/uploads\/2018\/03\/scena-150x150.jpg 150w, https:\/\/oldwces.barka.org.pl\/wp-content\/uploads\/2018\/03\/scena-144x144.jpg 144w\" sizes=\"auto, (max-width: 200px) 100vw, 200px\" \/> W ramach dzia\u0142alno\u015bci po\u017cytku publicznego Fundacja prowadzi wydawnictwo muzyczne, wspiera m\u0142odych artyst\u00f3w (prowadzi warsztaty, organizuje imprezy debiutant\u00f3w, wydaje niezale\u017cnych tw\u00f3rc\u00f3w).<\/p>\n<p style=\"text-align: justify;\"><u>Dane kontaktowe:<\/u><\/p>\n<p style=\"text-align: justify;\">ul. Niez\u0142omnych 2, Pozna\u0144<\/p>\n<p style=\"text-align: justify;\">tel.: 796 537\u00a0572<\/p>\n<p style=\"text-align: justify;\">e-mail: <a href=\"mailto:joanna@tamaklub.pl%0d\">joanna@tamaklub.pl<\/a><\/p>\n<p style=\"text-align: justify;\"><a href=\"http:\/\/www.facebook.com\/tamaklub\/\">www.facebook.com\/tamaklub\/<\/a><\/p>\n<p style=\"text-align: justify;\"><a href=\"https:\/\/instagram.com\/tamaklub%0d\">https:\/\/instagram.com\/tamaklub<\/a><\/p>\n<p style=\"text-align: justify;\"><u><img loading=\"lazy\" decoding=\"async\" class=\"alignnone  wp-image-5001\" src=\"http:\/\/www.old.wces.eu\/wp-content\/uploads\/2018\/03\/klub.jpg\" alt=\"\" width=\"200\" height=\"200\" srcset=\"https:\/\/oldwces.barka.org.pl\/wp-content\/uploads\/2018\/03\/klub.jpg 200w, https:\/\/oldwces.barka.org.pl\/wp-content\/uploads\/2018\/03\/klub-150x150.jpg 150w, https:\/\/oldwces.barka.org.pl\/wp-content\/uploads\/2018\/03\/klub-144x144.jpg 144w\" sizes=\"auto, (max-width: 200px) 100vw, 200px\" \/><img loading=\"lazy\" decoding=\"async\" class=\"alignnone  wp-image-5000\" src=\"http:\/\/www.old.wces.eu\/wp-content\/uploads\/2018\/03\/dj.jpg\" alt=\"\" width=\"200\" height=\"200\" srcset=\"https:\/\/oldwces.barka.org.pl\/wp-content\/uploads\/2018\/03\/dj.jpg 200w, https:\/\/oldwces.barka.org.pl\/wp-content\/uploads\/2018\/03\/dj-150x150.jpg 150w, https:\/\/oldwces.barka.org.pl\/wp-content\/uploads\/2018\/03\/dj-144x144.jpg 144w\" sizes=\"auto, (max-width: 200px) 100vw, 200px\" \/><img loading=\"lazy\" decoding=\"async\" class=\"alignnone  wp-image-5005\" src=\"http:\/\/www.old.wces.eu\/wp-content\/uploads\/2018\/03\/klub1-200x300.jpg\" alt=\"\" width=\"134\" height=\"196\" \/>Oferta:<\/u><\/p>\n<p style=\"text-align: justify;\">Fundacja \u015bwiadczy us\u0142ugi\u00a0 w zakresie obs\u0142ugi imprez muzycznych i artystycznych, polegaj\u0105cej przede wszystkim na obs\u0142udze osobowej wydarze\u0144 (technika, logistyka, us\u0142ugi porz\u0105dkowe), us\u0142ugach wynajmu sprz\u0119tu nag\u0142o\u015bnieniowego i o\u015bwietleniowego oraz us\u0142ugach z zakresu reklamy i marketingu, skierowanej do ma\u0142ych i \u015brednich podmiot\u00f3w komercyjnych oraz klient\u00f3w instytucjonalnych zwi\u0105zanych z wydarzeniami kulturalnymi i artystycznymi.<\/p>\n<p style=\"text-align: justify;\">W ramach dzia\u0142alno\u015bci Fundacja obs\u0142uguje przede wszystkim imprezy \u015bredniej wielko\u015bci na terenie Miasta Pozna\u0144, g\u0142\u00f3wnie wsp\u00f3\u0142pracuje z klubem TAMA. Zajmujemy si\u0119 marketingiem i reklam\u0105, powi\u0105zanymi z organizacj\u0105 i produkcj\u0105 imprez.<\/p>\n","protected":false},"excerpt":{"rendered":"<p>Stworzenie przedsi\u0119biorstwa spo\u0142ecznego jakim jest Fundacja DAMDAM, to wynik do\u015bwiadcze\u0144 Joanny Tomczak i Filipa Szymczaka, kt\u00f3rzy wcze\u015bniej wsp\u00f3\u0142tworzyli kolektyw muzyczny City Inside Art, dzia\u0142aj\u0105cy p\u00f3\u017aniej jako Stowarzyszenie. Pod tym szyldem wsp\u00f3lnie organizowali imprezy, prowadzili warsztaty, wyst\u0119powali na scenie, a 2012 &hellip; <a href=\"https:\/\/oldwces.barka.org.pl\/?page_id=5008\">Czytaj dalej <span class=\"meta-nav\">&rarr;<\/span><\/a><\/p>\n","protected":false},"author":4,"featured_media":0,"parent":0,"menu_order":0,"comment_status":"closed","ping_status":"closed","template":"","meta":{"jetpack_post_was_ever_published":false,"footnotes":""},"class_list":["post-5008","page","type-page","status-publish","hentry"],"aioseo_notices":[],"jetpack_shortlink":"https:\/\/wp.me\/P41gHA-1iM","jetpack_sharing_enabled":true,"_links":{"self":[{"href":"https:\/\/oldwces.barka.org.pl\/index.php?rest_route=\/wp\/v2\/pages\/5008","targetHints":{"allow":["GET"]}}],"collection":[{"href":"https:\/\/oldwces.barka.org.pl\/index.php?rest_route=\/wp\/v2\/pages"}],"about":[{"href":"https:\/\/oldwces.barka.org.pl\/index.php?rest_route=\/wp\/v2\/types\/page"}],"author":[{"embeddable":true,"href":"https:\/\/oldwces.barka.org.pl\/index.php?rest_route=\/wp\/v2\/users\/4"}],"replies":[{"embeddable":true,"href":"https:\/\/oldwces.barka.org.pl\/index.php?rest_route=%2Fwp%2Fv2%2Fcomments&post=5008"}],"version-history":[{"count":6,"href":"https:\/\/oldwces.barka.org.pl\/index.php?rest_route=\/wp\/v2\/pages\/5008\/revisions"}],"predecessor-version":[{"id":5014,"href":"https:\/\/oldwces.barka.org.pl\/index.php?rest_route=\/wp\/v2\/pages\/5008\/revisions\/5014"}],"wp:attachment":[{"href":"https:\/\/oldwces.barka.org.pl\/index.php?rest_route=%2Fwp%2Fv2%2Fmedia&parent=5008"}],"curies":[{"name":"wp","href":"https:\/\/api.w.org\/{rel}","templated":true}]}}