{"id":4807,"date":"2018-02-13T09:05:33","date_gmt":"2018-02-13T08:05:33","guid":{"rendered":"http:\/\/www.old.wces.eu\/?page_id=4807"},"modified":"2018-02-13T09:05:33","modified_gmt":"2018-02-13T08:05:33","slug":"spoldzielnia-socjalna-cit","status":"publish","type":"page","link":"https:\/\/oldwces.barka.org.pl\/?page_id=4807","title":{"rendered":"Sp\u00f3\u0142dzielnia Socjalna CIT"},"content":{"rendered":"<p style=\"text-align: justify;\"><img loading=\"lazy\" decoding=\"async\" class=\"alignnone size-medium wp-image-4804\" src=\"http:\/\/www.old.wces.eu\/wp-content\/uploads\/2018\/02\/CIT1-300x157.jpg\" alt=\"\" width=\"300\" height=\"157\" srcset=\"https:\/\/oldwces.barka.org.pl\/wp-content\/uploads\/2018\/02\/CIT1-300x157.jpg 300w, https:\/\/oldwces.barka.org.pl\/wp-content\/uploads\/2018\/02\/CIT1-768x402.jpg 768w, https:\/\/oldwces.barka.org.pl\/wp-content\/uploads\/2018\/02\/CIT1-1024x536.jpg 1024w, https:\/\/oldwces.barka.org.pl\/wp-content\/uploads\/2018\/02\/CIT1-500x262.jpg 500w, https:\/\/oldwces.barka.org.pl\/wp-content\/uploads\/2018\/02\/CIT1.jpg 1200w\" sizes=\"auto, (max-width: 300px) 100vw, 300px\" \/><\/p>\n<p style=\"text-align: justify;\">Sp\u00f3\u0142dzielnia powo\u0142ana zosta\u0142a przez Stowarzyszenie Zawsze dla \u015aredzian i Stowarzyszenie \u015aredzkie Towarzystwo Fotograficzne. Sp\u00f3\u0142dzielnia prowadzi Centrum Informacji Turystycznej w \u015arodzie Wlkp oraz galeri\u0119 i Powiatowe Archiwum Fotograficzne.<\/p>\n<p><u><img loading=\"lazy\" decoding=\"async\" class=\"size-medium wp-image-4805 alignright\" src=\"http:\/\/www.old.wces.eu\/wp-content\/uploads\/2018\/02\/CIT2-300x169.jpg\" alt=\"\" width=\"300\" height=\"169\" srcset=\"https:\/\/oldwces.barka.org.pl\/wp-content\/uploads\/2018\/02\/CIT2-300x169.jpg 300w, https:\/\/oldwces.barka.org.pl\/wp-content\/uploads\/2018\/02\/CIT2-768x432.jpg 768w, https:\/\/oldwces.barka.org.pl\/wp-content\/uploads\/2018\/02\/CIT2-1024x576.jpg 1024w, https:\/\/oldwces.barka.org.pl\/wp-content\/uploads\/2018\/02\/CIT2-500x281.jpg 500w, https:\/\/oldwces.barka.org.pl\/wp-content\/uploads\/2018\/02\/CIT2.jpg 1890w\" sizes=\"auto, (max-width: 300px) 100vw, 300px\" \/>Dane kontaktowe:<\/u><\/p>\n<p>ul. D\u0105browskiego 18, \u015aroda Wielkopolska<\/p>\n<p>tel. 733 900 944<\/p>\n<p><a href=\"mailto:citspoldzielnia@gmail.com?__xt__=33.%7B%22logging_data%22%3A%7B%22event_type%22%3A%22clicked_open_url_action%22%2C%22impression_info%22%3A%22eyJmIjp7InN0eWxlIjoiMzgiLCJpdGVtX2NvdW50IjoiMCJ9fQ%22%2C%22surface%22%3A%22www_page_about_tab%22%2C%22interacted_story_type%22%3A%22718520444955922%22%2C%22session_id%22%3A%2244c8a2eaa0a87b27ea3e3e87aaac24d4%22%7D%7D\">citspoldzielnia@gmail.com<\/a><\/p>\n<p><a href=\"http:\/\/www.citsroda.info\/\">www.citsroda.info<\/a><\/p>\n<p><a href=\"http:\/\/www.facebook.com\/citsroda\/\">www.facebook.com\/citsroda<\/a><\/p>\n<p><u>Oferta:<\/u><\/p>\n<p>&#8211; Agencja reklamowa,<br \/>\n&#8211; Organizacja event\u00f3w.<\/p>\n","protected":false},"excerpt":{"rendered":"<p>Sp\u00f3\u0142dzielnia powo\u0142ana zosta\u0142a przez Stowarzyszenie Zawsze dla \u015aredzian i Stowarzyszenie \u015aredzkie Towarzystwo Fotograficzne. Sp\u00f3\u0142dzielnia prowadzi Centrum Informacji Turystycznej w \u015arodzie Wlkp oraz galeri\u0119 i Powiatowe Archiwum Fotograficzne. Dane kontaktowe: ul. D\u0105browskiego 18, \u015aroda Wielkopolska tel. 733 900 944 citspoldzielnia@gmail.com www.citsroda.info &hellip; <a href=\"https:\/\/oldwces.barka.org.pl\/?page_id=4807\">Czytaj dalej <span class=\"meta-nav\">&rarr;<\/span><\/a><\/p>\n","protected":false},"author":4,"featured_media":0,"parent":0,"menu_order":0,"comment_status":"closed","ping_status":"closed","template":"","meta":{"jetpack_post_was_ever_published":false,"footnotes":""},"class_list":["post-4807","page","type-page","status-publish","hentry"],"aioseo_notices":[],"jetpack_shortlink":"https:\/\/wp.me\/P41gHA-1fx","jetpack_sharing_enabled":true,"_links":{"self":[{"href":"https:\/\/oldwces.barka.org.pl\/index.php?rest_route=\/wp\/v2\/pages\/4807","targetHints":{"allow":["GET"]}}],"collection":[{"href":"https:\/\/oldwces.barka.org.pl\/index.php?rest_route=\/wp\/v2\/pages"}],"about":[{"href":"https:\/\/oldwces.barka.org.pl\/index.php?rest_route=\/wp\/v2\/types\/page"}],"author":[{"embeddable":true,"href":"https:\/\/oldwces.barka.org.pl\/index.php?rest_route=\/wp\/v2\/users\/4"}],"replies":[{"embeddable":true,"href":"https:\/\/oldwces.barka.org.pl\/index.php?rest_route=%2Fwp%2Fv2%2Fcomments&post=4807"}],"version-history":[{"count":4,"href":"https:\/\/oldwces.barka.org.pl\/index.php?rest_route=\/wp\/v2\/pages\/4807\/revisions"}],"predecessor-version":[{"id":4811,"href":"https:\/\/oldwces.barka.org.pl\/index.php?rest_route=\/wp\/v2\/pages\/4807\/revisions\/4811"}],"wp:attachment":[{"href":"https:\/\/oldwces.barka.org.pl\/index.php?rest_route=%2Fwp%2Fv2%2Fmedia&parent=4807"}],"curies":[{"name":"wp","href":"https:\/\/api.w.org\/{rel}","templated":true}]}}