{"id":4780,"date":"2018-02-13T08:44:09","date_gmt":"2018-02-13T07:44:09","guid":{"rendered":"http:\/\/www.old.wces.eu\/?page_id=4780"},"modified":"2018-02-13T08:44:09","modified_gmt":"2018-02-13T07:44:09","slug":"beatit-sp-z-o-o","status":"publish","type":"page","link":"https:\/\/oldwces.barka.org.pl\/?page_id=4780","title":{"rendered":"BeatIt Sp. z o.o."},"content":{"rendered":"<p style=\"text-align: justify;\"><img loading=\"lazy\" decoding=\"async\" class=\" wp-image-4781 alignleft\" src=\"http:\/\/www.old.wces.eu\/wp-content\/uploads\/2018\/02\/BeatIt5-225x300.jpg\" alt=\"\" width=\"217\" height=\"286\" \/><\/p>\n<p style=\"text-align: justify;\">Welcome to BeatIt &#8211; the place where absolutely everybody is obsessed with drums&#8230;<\/p>\n<p><img loading=\"lazy\" decoding=\"async\" class=\"alignnone  wp-image-4779\" src=\"http:\/\/www.old.wces.eu\/wp-content\/uploads\/2018\/02\/BeatIt4-300x200.jpg\" alt=\"\" width=\"248\" height=\"169\" \/><\/p>\n<p><u>Dane kontaktowe:<\/u><\/p>\n<p>ul. Ko\u015bcia\u0144ska 41, 60-112 Pozna\u0144<\/p>\n<p>tel. 691 941\u00a0725<\/p>\n<p>e-mail: <a href=\"mailto:info@beatit.tv\">info@beatit.tv<\/a><\/p>\n<p><a href=\"http:\/\/www.beatit.tv\/\">www.beatit.tv<\/a><\/p>\n<p><a href=\"http:\/\/www.facebook.com\/beatit.polska\/\">www.facebook.com\/beatit.polska<\/a><\/p>\n<p><img loading=\"lazy\" decoding=\"async\" class=\"alignnone  wp-image-4778\" src=\"http:\/\/www.old.wces.eu\/wp-content\/uploads\/2018\/02\/BeatIt3-300x206.jpg\" alt=\"\" width=\"263\" height=\"185\" \/> \u00a0\u00a0\u00a0 <img loading=\"lazy\" decoding=\"async\" class=\"alignnone  wp-image-4776\" src=\"http:\/\/www.old.wces.eu\/wp-content\/uploads\/2018\/02\/BeatIt1-300x200.jpg\" alt=\"\" width=\"268\" height=\"183\" \/><\/p>\n<p><u>Oferta:<\/u><\/p>\n<p style=\"text-align: justify;\">Nasza oferta przeznaczona jest dla wszystkich tych, kt\u00f3rzy w jakikolwiek spos\u00f3b zafascynowali si\u0119 perkusj\u0105 i chcieliby rozwin\u0105\u0107 swoje zainteresowanie. W nasze progi zapraszamy tak\u017ce aspiruj\u0105cych basist\u00f3w, DJ\u00f3w, turntablist\u00f3w oraz ca\u0142e sekcje rytmiczne, kt\u00f3re chc\u0105 si\u0119 rozwija\u0107 pod okiem najlepszych artyst\u00f3w. Pomo\u017cemy zar\u00f3wno pocz\u0105tkuj\u0105cym, jak i tym, kt\u00f3rzy s\u0105 bardziej do\u015bwiadczeni w muzykowaniu:<\/p>\n<p style=\"text-align: justify;\">&#8211; nauka gry na perkusji \u2013 stacjonarnie i u klienta,<\/p>\n<p style=\"text-align: justify;\">&#8211; organizacja warsztat\u00f3w i pokaz\u00f3w perkusyjnych.<\/p>\n<p style=\"text-align: justify;\">Beatit.tv to pr\u0119\u017cnie rozwijaj\u0105cy si\u0119 serwis po\u015bwi\u0119cony szeroko poj\u0119tej tematyce perkusyjnej, a stworzony przez czynnych zawodowo perkusist\u00f3w, kt\u00f3rzy nagrywaj\u0105 p\u0142yty, wyst\u0119powali na najwi\u0119kszych i najbardziej presti\u017cowych scenach w Polsce i doskonale wiedz\u0105, co si\u0119 sk\u0142ada na codzienno\u015b\u0107 b\u0119bniarza, tak zawodowego, jak i amatora. \u015awietnie rozumiemy, co to znaczy nie mie\u0107 pewno\u015bci, jaki sprz\u0119t wybra\u0107 i obawia\u0107 si\u0119, \u017ce nasze pieni\u0105dze nie zostan\u0105 odpowiednio spo\u017cytkowane:<\/p>\n<p style=\"text-align: justify;\"><img loading=\"lazy\" decoding=\"async\" class=\"wp-image-4777 alignleft\" src=\"http:\/\/www.old.wces.eu\/wp-content\/uploads\/2018\/02\/BeatIt2-300x300.jpg\" alt=\"\" width=\"194\" height=\"194\" srcset=\"https:\/\/oldwces.barka.org.pl\/wp-content\/uploads\/2018\/02\/BeatIt2-300x300.jpg 300w, https:\/\/oldwces.barka.org.pl\/wp-content\/uploads\/2018\/02\/BeatIt2-150x150.jpg 150w, https:\/\/oldwces.barka.org.pl\/wp-content\/uploads\/2018\/02\/BeatIt2-768x768.jpg 768w, https:\/\/oldwces.barka.org.pl\/wp-content\/uploads\/2018\/02\/BeatIt2-144x144.jpg 144w, https:\/\/oldwces.barka.org.pl\/wp-content\/uploads\/2018\/02\/BeatIt2.jpg 960w\" sizes=\"auto, (max-width: 194px) 100vw, 194px\" \/>&#8211; import i produkcja akcesori\u00f3w perkusyjnych,<\/p>\n<p style=\"text-align: justify;\">&#8211; sprzeda\u017c akcesori\u00f3w perkusyjnych,<\/p>\n<p>&#8211; produkcja materia\u0142\u00f3w audio\/video na zlecenie.<\/p>\n","protected":false},"excerpt":{"rendered":"<p>Welcome to BeatIt &#8211; the place where absolutely everybody is obsessed with drums&#8230; Dane kontaktowe: ul. Ko\u015bcia\u0144ska 41, 60-112 Pozna\u0144 tel. 691 941\u00a0725 e-mail: info@beatit.tv www.beatit.tv www.facebook.com\/beatit.polska \u00a0\u00a0\u00a0 Oferta: Nasza oferta przeznaczona jest dla wszystkich tych, kt\u00f3rzy w jakikolwiek spos\u00f3b &hellip; <a href=\"https:\/\/oldwces.barka.org.pl\/?page_id=4780\">Czytaj dalej <span class=\"meta-nav\">&rarr;<\/span><\/a><\/p>\n","protected":false},"author":4,"featured_media":0,"parent":0,"menu_order":0,"comment_status":"closed","ping_status":"closed","template":"","meta":{"jetpack_post_was_ever_published":false,"footnotes":""},"class_list":["post-4780","page","type-page","status-publish","hentry"],"aioseo_notices":[],"jetpack_shortlink":"https:\/\/wp.me\/P41gHA-1f6","jetpack_sharing_enabled":true,"_links":{"self":[{"href":"https:\/\/oldwces.barka.org.pl\/index.php?rest_route=\/wp\/v2\/pages\/4780","targetHints":{"allow":["GET"]}}],"collection":[{"href":"https:\/\/oldwces.barka.org.pl\/index.php?rest_route=\/wp\/v2\/pages"}],"about":[{"href":"https:\/\/oldwces.barka.org.pl\/index.php?rest_route=\/wp\/v2\/types\/page"}],"author":[{"embeddable":true,"href":"https:\/\/oldwces.barka.org.pl\/index.php?rest_route=\/wp\/v2\/users\/4"}],"replies":[{"embeddable":true,"href":"https:\/\/oldwces.barka.org.pl\/index.php?rest_route=%2Fwp%2Fv2%2Fcomments&post=4780"}],"version-history":[{"count":21,"href":"https:\/\/oldwces.barka.org.pl\/index.php?rest_route=\/wp\/v2\/pages\/4780\/revisions"}],"predecessor-version":[{"id":4802,"href":"https:\/\/oldwces.barka.org.pl\/index.php?rest_route=\/wp\/v2\/pages\/4780\/revisions\/4802"}],"wp:attachment":[{"href":"https:\/\/oldwces.barka.org.pl\/index.php?rest_route=%2Fwp%2Fv2%2Fmedia&parent=4780"}],"curies":[{"name":"wp","href":"https:\/\/api.w.org\/{rel}","templated":true}]}}