{"id":4772,"date":"2018-02-13T07:40:43","date_gmt":"2018-02-13T06:40:43","guid":{"rendered":"http:\/\/www.old.wces.eu\/?page_id=4772"},"modified":"2018-02-13T07:40:43","modified_gmt":"2018-02-13T06:40:43","slug":"spoldzielnia-socjalna-cuda-garnki","status":"publish","type":"page","link":"https:\/\/oldwces.barka.org.pl\/?page_id=4772","title":{"rendered":"Sp\u00f3\u0142dzielnia Socjalna Cuda-Garnki"},"content":{"rendered":"<p style=\"text-align: justify;\"><img loading=\"lazy\" decoding=\"async\" class=\"wp-image-4771 alignleft\" src=\"http:\/\/www.old.wces.eu\/wp-content\/uploads\/2018\/02\/Cuda-Garnki-LOGO-300x205.jpg\" alt=\"\" width=\"215\" height=\"150\" \/>Sp\u00f3\u0142dzielnia Socjalna Cuda-Garnki codziennie serwuje tradycyjne obiady dla lokalnej grupy mieszka\u0144c\u00f3w pi\u0105tkowa. Realizujemy r\u00f3wnie\u017c zlecenia w formie cateringu czy te\u017c obs\u0142ugi spotka\u0144 rodzinnych\u00a0w naszym lokalu.<\/p>\n<p style=\"text-align: justify;\">Nad dobr\u0105 jako\u015bci\u0105 us\u0142ug czuwa zesp\u00f3\u0142, kt\u00f3ry codziennie uczy si\u0119 wsp\u00f3\u0142pracy i wytrwa\u0142o\u015bci w dzia\u0142aniu. Za cel stawiamy sobie otwarto\u015b\u0107 na drugiego cz\u0142owieka oraz stwarzanie warunk\u00f3w pracy, kt\u00f3re wspieraj\u0105 rozw\u00f3j nie tylko zawodowy ale te\u017c spo\u0142eczny.<\/p>\n<p style=\"text-align: justify;\"><u>Dane kontaktowe:<\/u><\/p>\n<p style=\"text-align: justify;\">os. Jana III Sobieskiego 116, Pozna\u0144<\/p>\n<p style=\"text-align: justify;\">tel. 665 777 133<u> <\/u><\/p>\n<p style=\"text-align: justify;\"><u>Oferta:<\/u><\/p>\n<p style=\"text-align: justify;\">Na co dzie\u0144 w naszej ofercie mo\u017cna znale\u017a\u0107 smaczny obiad w bardzo przyst\u0119pnej cenie oraz skosztowa\u0107 naszych ciast, popijaj\u0105c dobr\u0105 kaw\u0119.<\/p>\n","protected":false},"excerpt":{"rendered":"<p>Sp\u00f3\u0142dzielnia Socjalna Cuda-Garnki codziennie serwuje tradycyjne obiady dla lokalnej grupy mieszka\u0144c\u00f3w pi\u0105tkowa. Realizujemy r\u00f3wnie\u017c zlecenia w formie cateringu czy te\u017c obs\u0142ugi spotka\u0144 rodzinnych\u00a0w naszym lokalu. Nad dobr\u0105 jako\u015bci\u0105 us\u0142ug czuwa zesp\u00f3\u0142, kt\u00f3ry codziennie uczy si\u0119 wsp\u00f3\u0142pracy i wytrwa\u0142o\u015bci w dzia\u0142aniu. &hellip; <a href=\"https:\/\/oldwces.barka.org.pl\/?page_id=4772\">Czytaj dalej <span class=\"meta-nav\">&rarr;<\/span><\/a><\/p>\n","protected":false},"author":4,"featured_media":0,"parent":0,"menu_order":0,"comment_status":"closed","ping_status":"closed","template":"","meta":{"jetpack_post_was_ever_published":false,"footnotes":""},"class_list":["post-4772","page","type-page","status-publish","hentry"],"aioseo_notices":[],"jetpack_shortlink":"https:\/\/wp.me\/P41gHA-1eY","jetpack_sharing_enabled":true,"_links":{"self":[{"href":"https:\/\/oldwces.barka.org.pl\/index.php?rest_route=\/wp\/v2\/pages\/4772","targetHints":{"allow":["GET"]}}],"collection":[{"href":"https:\/\/oldwces.barka.org.pl\/index.php?rest_route=\/wp\/v2\/pages"}],"about":[{"href":"https:\/\/oldwces.barka.org.pl\/index.php?rest_route=\/wp\/v2\/types\/page"}],"author":[{"embeddable":true,"href":"https:\/\/oldwces.barka.org.pl\/index.php?rest_route=\/wp\/v2\/users\/4"}],"replies":[{"embeddable":true,"href":"https:\/\/oldwces.barka.org.pl\/index.php?rest_route=%2Fwp%2Fv2%2Fcomments&post=4772"}],"version-history":[{"count":2,"href":"https:\/\/oldwces.barka.org.pl\/index.php?rest_route=\/wp\/v2\/pages\/4772\/revisions"}],"predecessor-version":[{"id":4774,"href":"https:\/\/oldwces.barka.org.pl\/index.php?rest_route=\/wp\/v2\/pages\/4772\/revisions\/4774"}],"wp:attachment":[{"href":"https:\/\/oldwces.barka.org.pl\/index.php?rest_route=%2Fwp%2Fv2%2Fmedia&parent=4772"}],"curies":[{"name":"wp","href":"https:\/\/api.w.org\/{rel}","templated":true}]}}