{"id":4730,"date":"2018-02-09T16:39:56","date_gmt":"2018-02-09T15:39:56","guid":{"rendered":"http:\/\/www.old.wces.eu\/?page_id=4730"},"modified":"2018-02-09T16:39:56","modified_gmt":"2018-02-09T15:39:56","slug":"spoldzielnia-socjalna-talent","status":"publish","type":"page","link":"https:\/\/oldwces.barka.org.pl\/?page_id=4730","title":{"rendered":"Sp\u00f3\u0142dzielnia Socjalna \u201eTalent\u201d"},"content":{"rendered":"<p style=\"text-align: justify;\"><img loading=\"lazy\" decoding=\"async\" class=\"alignnone  wp-image-4715\" src=\"http:\/\/www.old.wces.eu\/wp-content\/uploads\/2018\/02\/Talent1-300x277.jpg\" alt=\"\" width=\"242\" height=\"225\" srcset=\"https:\/\/oldwces.barka.org.pl\/wp-content\/uploads\/2018\/02\/Talent1-768x710.jpg 768w, https:\/\/oldwces.barka.org.pl\/wp-content\/uploads\/2018\/02\/Talent1-1024x946.jpg 1024w, https:\/\/oldwces.barka.org.pl\/wp-content\/uploads\/2018\/02\/Talent1.jpg 2048w\" sizes=\"auto, (max-width: 242px) 100vw, 242px\" \/> <img loading=\"lazy\" decoding=\"async\" class=\"alignnone  wp-image-4726\" src=\"http:\/\/www.old.wces.eu\/wp-content\/uploads\/2018\/02\/Talent15-300x273.jpg\" alt=\"\" width=\"247\" height=\"226\" srcset=\"https:\/\/oldwces.barka.org.pl\/wp-content\/uploads\/2018\/02\/Talent15-300x273.jpg 300w, https:\/\/oldwces.barka.org.pl\/wp-content\/uploads\/2018\/02\/Talent15-330x300.jpg 330w, https:\/\/oldwces.barka.org.pl\/wp-content\/uploads\/2018\/02\/Talent15.jpg 960w\" sizes=\"auto, (max-width: 247px) 100vw, 247px\" \/>Sp\u00f3\u0142dzielnia Socjalna \u201eTALENT\u201d w Szamotu\u0142ach powsta\u0142a w listopadzie 2016 r. Sp\u00f3\u0142dzielni\u0119 do \u017cycia powo\u0142a\u0142y dwa podmioty: Zgromadzenie Si\u00f3str Franciszkanek Rodziny Maryi, prowadz\u0105ce w Szamotu\u0142ach Warsztaty Terapii Zaj\u0119ciowej oraz Powiat Szamotulski.<\/p>\n<p style=\"text-align: justify;\"><img loading=\"lazy\" decoding=\"async\" class=\"alignnone  wp-image-4727\" src=\"http:\/\/www.old.wces.eu\/wp-content\/uploads\/2018\/02\/Talent16-300x211.jpg\" alt=\"\" width=\"314\" height=\"224\" \/> \u00a0 <img loading=\"lazy\" decoding=\"async\" class=\"alignnone  wp-image-4716\" src=\"http:\/\/www.old.wces.eu\/wp-content\/uploads\/2018\/02\/Talent4-300x297.jpg\" alt=\"\" width=\"222\" height=\"220\" srcset=\"https:\/\/oldwces.barka.org.pl\/wp-content\/uploads\/2018\/02\/Talent4-300x297.jpg 300w, https:\/\/oldwces.barka.org.pl\/wp-content\/uploads\/2018\/02\/Talent4-150x150.jpg 150w, https:\/\/oldwces.barka.org.pl\/wp-content\/uploads\/2018\/02\/Talent4-768x759.jpg 768w, https:\/\/oldwces.barka.org.pl\/wp-content\/uploads\/2018\/02\/Talent4-1024x1013.jpg 1024w, https:\/\/oldwces.barka.org.pl\/wp-content\/uploads\/2018\/02\/Talent4-144x144.jpg 144w, https:\/\/oldwces.barka.org.pl\/wp-content\/uploads\/2018\/02\/Talent4-303x300.jpg 303w, https:\/\/oldwces.barka.org.pl\/wp-content\/uploads\/2018\/02\/Talent4.jpg 2048w\" sizes=\"auto, (max-width: 222px) 100vw, 222px\" \/><\/p>\n<p style=\"text-align: justify;\">W Sp\u00f3\u0142dzielni zatrudniono 3 podopiecznych WTZ, kt\u00f3rzy mimo uczestnictwa w zaj\u0119ciach, nie znale\u017ali zatrudnienia na otwartym rynku. <em>\u201eWprowadzone rozwi\u0105zanie to najlepsza droga dla niezale\u017cno\u015bci os\u00f3b z niepe\u0142nosprawno\u015bci\u0105. Nowy podmiot b\u0119dzie wspierany w r\u00f3\u017cnych zakresach, zar\u00f3wno przez Powiat oraz jego jednostki, takie jak PCPR czy PUP. Cieszy mnie fakt, \u017ce tak nowatorska inicjatywa b\u0119dzie mog\u0142a rozwija\u0107 si\u0119 w naszym powiecie. Wszystkim zaanga\u017cowanym w proces przygotowania sp\u00f3\u0142dzielni socjalnej \u201eTALENT\u201d nale\u017c\u0105 si\u0119 podzi\u0119kowania.\u201d<\/em> \u2013 m\u00f3wi\u0142 starosta J\u00f3zef Kwa\u015bniewicz na zako\u0144czenie zebrania za\u0142o\u017cycielskiego.<\/p>\n<p><img loading=\"lazy\" decoding=\"async\" class=\"alignnone size-medium wp-image-4728\" src=\"http:\/\/www.old.wces.eu\/wp-content\/uploads\/2018\/02\/Talent17-225x300.jpg\" alt=\"\" width=\"225\" height=\"300\" srcset=\"https:\/\/oldwces.barka.org.pl\/wp-content\/uploads\/2018\/02\/Talent17-225x300.jpg 225w, https:\/\/oldwces.barka.org.pl\/wp-content\/uploads\/2018\/02\/Talent17-768x1024.jpg 768w, https:\/\/oldwces.barka.org.pl\/wp-content\/uploads\/2018\/02\/Talent17.jpg 1536w\" sizes=\"auto, (max-width: 225px) 100vw, 225px\" \/> \u00a0 \u00a0 \u00a0 \u00a0 \u00a0 \u00a0 \u00a0 \u00a0 \u00a0\u00a0 \u00a0 <img loading=\"lazy\" decoding=\"async\" class=\"alignnone size-medium wp-image-4723\" src=\"http:\/\/www.old.wces.eu\/wp-content\/uploads\/2018\/02\/Talent12-225x300.jpg\" alt=\"\" width=\"225\" height=\"300\" srcset=\"https:\/\/oldwces.barka.org.pl\/wp-content\/uploads\/2018\/02\/Talent12-225x300.jpg 225w, https:\/\/oldwces.barka.org.pl\/wp-content\/uploads\/2018\/02\/Talent12.jpg 747w\" sizes=\"auto, (max-width: 225px) 100vw, 225px\" \/><\/p>\n<p><u>Dane kontaktowe:<\/u><\/p>\n<p>ul. Lipowa 27, Szamotu\u0142y<\/p>\n<p>tel. 785 187 837<\/p>\n<p><a href=\"https:\/\/www.facebook.com\/wtzszamotuly\/\">https:\/\/www.facebook.com\/wtzszamotuly\/<\/a><\/p>\n<p><u>Oferta:<\/u><\/p>\n<p>G\u0142\u00f3wnym przedmiotem dzia\u0142alno\u015bci Sp\u00f3\u0142dzielni jest r\u0119kodzie\u0142o, zw\u0142aszcza wyroby ceramiczne.<\/p>\n<p><img loading=\"lazy\" decoding=\"async\" class=\"alignnone  wp-image-4729\" src=\"http:\/\/www.old.wces.eu\/wp-content\/uploads\/2018\/02\/Talent18-300x175.jpg\" alt=\"\" width=\"181\" height=\"110\" \/>\u00a0 <img loading=\"lazy\" decoding=\"async\" class=\"alignnone  wp-image-4719\" src=\"http:\/\/www.old.wces.eu\/wp-content\/uploads\/2018\/02\/Talent8-300x197.jpg\" alt=\"\" width=\"161\" height=\"109\" \/> <img loading=\"lazy\" decoding=\"async\" class=\"alignnone  wp-image-4720\" src=\"http:\/\/www.old.wces.eu\/wp-content\/uploads\/2018\/02\/Talent9-300x201.jpg\" alt=\"\" width=\"159\" height=\"110\" \/><\/p>\n<p><img loading=\"lazy\" decoding=\"async\" class=\"alignnone  wp-image-4717\" src=\"http:\/\/www.old.wces.eu\/wp-content\/uploads\/2018\/02\/Talent6-300x164.jpg\" alt=\"\" width=\"268\" height=\"151\" \/> <img loading=\"lazy\" decoding=\"async\" class=\"alignnone  wp-image-4724\" src=\"http:\/\/www.old.wces.eu\/wp-content\/uploads\/2018\/02\/Talent13-300x169.jpg\" alt=\"\" width=\"264\" height=\"153\" \/><\/p>\n<p><img loading=\"lazy\" decoding=\"async\" class=\"alignnone size-medium wp-image-4722\" src=\"http:\/\/www.old.wces.eu\/wp-content\/uploads\/2018\/02\/Talent11-225x300.jpg\" alt=\"\" width=\"225\" height=\"300\" srcset=\"https:\/\/oldwces.barka.org.pl\/wp-content\/uploads\/2018\/02\/Talent11-225x300.jpg 225w, https:\/\/oldwces.barka.org.pl\/wp-content\/uploads\/2018\/02\/Talent11-768x1024.jpg 768w, https:\/\/oldwces.barka.org.pl\/wp-content\/uploads\/2018\/02\/Talent11.jpg 1536w\" sizes=\"auto, (max-width: 225px) 100vw, 225px\" \/> \u00a0 \u00a0 \u00a0 \u00a0 \u00a0 \u00a0 \u00a0 \u00a0 \u00a0\u00a0 <img loading=\"lazy\" decoding=\"async\" class=\"alignnone size-medium wp-image-4721\" src=\"http:\/\/www.old.wces.eu\/wp-content\/uploads\/2018\/02\/Talent10-225x300.jpg\" alt=\"\" width=\"225\" height=\"300\" srcset=\"https:\/\/oldwces.barka.org.pl\/wp-content\/uploads\/2018\/02\/Talent10-225x300.jpg 225w, https:\/\/oldwces.barka.org.pl\/wp-content\/uploads\/2018\/02\/Talent10-768x1024.jpg 768w, https:\/\/oldwces.barka.org.pl\/wp-content\/uploads\/2018\/02\/Talent10.jpg 1200w\" sizes=\"auto, (max-width: 225px) 100vw, 225px\" \/><\/p>\n<p>&nbsp;<\/p>\n<p>&nbsp;<\/p>\n","protected":false},"excerpt":{"rendered":"<p>Sp\u00f3\u0142dzielnia Socjalna \u201eTALENT\u201d w Szamotu\u0142ach powsta\u0142a w listopadzie 2016 r. Sp\u00f3\u0142dzielni\u0119 do \u017cycia powo\u0142a\u0142y dwa podmioty: Zgromadzenie Si\u00f3str Franciszkanek Rodziny Maryi, prowadz\u0105ce w Szamotu\u0142ach Warsztaty Terapii Zaj\u0119ciowej oraz Powiat Szamotulski. \u00a0 W Sp\u00f3\u0142dzielni zatrudniono 3 podopiecznych WTZ, kt\u00f3rzy mimo uczestnictwa &hellip; <a href=\"https:\/\/oldwces.barka.org.pl\/?page_id=4730\">Czytaj dalej <span class=\"meta-nav\">&rarr;<\/span><\/a><\/p>\n","protected":false},"author":4,"featured_media":0,"parent":0,"menu_order":0,"comment_status":"closed","ping_status":"closed","template":"","meta":{"jetpack_post_was_ever_published":false,"footnotes":""},"class_list":["post-4730","page","type-page","status-publish","hentry"],"aioseo_notices":[],"jetpack_shortlink":"https:\/\/wp.me\/P41gHA-1ei","jetpack_sharing_enabled":true,"_links":{"self":[{"href":"https:\/\/oldwces.barka.org.pl\/index.php?rest_route=\/wp\/v2\/pages\/4730","targetHints":{"allow":["GET"]}}],"collection":[{"href":"https:\/\/oldwces.barka.org.pl\/index.php?rest_route=\/wp\/v2\/pages"}],"about":[{"href":"https:\/\/oldwces.barka.org.pl\/index.php?rest_route=\/wp\/v2\/types\/page"}],"author":[{"embeddable":true,"href":"https:\/\/oldwces.barka.org.pl\/index.php?rest_route=\/wp\/v2\/users\/4"}],"replies":[{"embeddable":true,"href":"https:\/\/oldwces.barka.org.pl\/index.php?rest_route=%2Fwp%2Fv2%2Fcomments&post=4730"}],"version-history":[{"count":8,"href":"https:\/\/oldwces.barka.org.pl\/index.php?rest_route=\/wp\/v2\/pages\/4730\/revisions"}],"predecessor-version":[{"id":4738,"href":"https:\/\/oldwces.barka.org.pl\/index.php?rest_route=\/wp\/v2\/pages\/4730\/revisions\/4738"}],"wp:attachment":[{"href":"https:\/\/oldwces.barka.org.pl\/index.php?rest_route=%2Fwp%2Fv2%2Fmedia&parent=4730"}],"curies":[{"name":"wp","href":"https:\/\/api.w.org\/{rel}","templated":true}]}}