{"id":4672,"date":"2018-02-09T12:53:23","date_gmt":"2018-02-09T11:53:23","guid":{"rendered":"http:\/\/www.old.wces.eu\/?page_id=4672"},"modified":"2018-02-09T12:59:43","modified_gmt":"2018-02-09T11:59:43","slug":"partnerstwo-w-sremie","status":"publish","type":"page","link":"https:\/\/oldwces.barka.org.pl\/?page_id=4672","title":{"rendered":"Partnerstwo w \u015aremie"},"content":{"rendered":"<p style=\"text-align: justify;\"><img loading=\"lazy\" decoding=\"async\" class=\"wp-image-4674 alignleft\" src=\"http:\/\/www.old.wces.eu\/wp-content\/uploads\/2018\/02\/\u015arem-233x300.jpg\" alt=\"\" width=\"113\" height=\"143\" \/>Budowanie partnerstwa lokalnego w \u015aremie rozpocz\u0119\u0142o si\u0119 kilka lat temu. Przy O\u015brodku Pomocy Spo\u0142ecznej zebra\u0142a si\u0119 grupa os\u00f3b, podopiecznych OPS, kt\u00f3rzy po pewnym czasie zacz\u0119li przygotowywa\u0107 si\u0119 do powo\u0142ania sp\u00f3\u0142dzielni socjalnej. R\u00f3wnolegle toczy\u0142 si\u0119 proces budowania partnerstwa lokalnego, odbywa\u0142y si\u0119 spotkania z ekspertami praktykami, wizyty studyjne, podpisanie porozumienia o wsp\u00f3\u0142pracy (2015 rok). Sp\u00f3\u0142dzielnia socjalna mia\u0142a mie\u0107 profil gastronomiczny, za\u0142o\u017cyciele marzyli o ma\u0142ej restauracji w centrum \u015aremu, w kt\u00f3rej b\u0119dzie mo\u017cna naje\u015b\u0107 si\u0119 do syta. Okaza\u0142o si\u0119 jednak, \u017ce wyzwanie jest zbyt du\u017ce, a restauracja nie mia\u0142aby racji bytu w tej lokalizacji. Do sp\u00f3\u0142dzielni przyst\u0105pi\u0142y inne osoby i zmieni\u0142a ona swoj\u0105 bran\u017c\u0119 z gastronomii na piel\u0119gnacj\u0119 teren\u00f3w zielonych i sprz\u0105tanie teren\u00f3w zewn\u0119trznych. Tak powsta\u0142a <strong><em>Wielobran\u017cowa Sp\u00f3\u0142dzielnia Socjalna Paumark \u015arem<\/em><\/strong>, zatrudniaj\u0105ca 10 os\u00f3b i przyjmuj\u0105ca osoby na praktyki i sta\u017ce.<\/p>\n<p><img loading=\"lazy\" decoding=\"async\" class=\" wp-image-4675 alignright\" src=\"http:\/\/www.old.wces.eu\/wp-content\/uploads\/2018\/02\/\u015arem1-207x300.jpg\" alt=\"\" width=\"99\" height=\"139\" \/><\/p>\n<p style=\"text-align: justify;\">Sprz\u0105taniem nowych budynk\u00f3w przed ich oddaniem do u\u017cytku zajmuje si\u0119 <strong><em>Wielobran\u017cowa Sp\u00f3\u0142dzielnia Socjalna Warta<\/em><\/strong>, zatrudniaj\u0105ca 6 os\u00f3b, \u015bwiadcz\u0105ca swoje us\u0142ugi na terenie \u015aremu i powiat\u00f3w o\u015bciennych. A<strong><em> Stowarzyszenie Animator\u00f3w Ekonomii Spo\u0142ecznej Gospodarki Rynkowej &#8222;Szansa&#8221;<\/em><\/strong> prowadzi dzia\u0142ania \u015brodowiskowe i \u015bwietlic\u0119 przy ul. Przemys\u0142owej 5.<\/p>\n<p style=\"text-align: justify;\">W ramach partnerstwa, w roku 2016, powsta\u0142o te\u017c <strong><em>Centrum Integracji Spo\u0142ecznej<\/em><\/strong>. Prowadzi je <strong><em>Fundacja na Rzecz Rewaloryzacji Miasta \u015arem<\/em><\/strong>. Fundacja prowadzi schronisko dla os\u00f3b bezdomnych w Nochowie i naturaln\u0105 konsekwencj\u0105 tego by\u0142a konieczno\u015b\u0107 znalezienia aktywnej formy reintegracji tych os\u00f3b. CIS ma jednak znacznie szersze zadanie, bo OPS kieruje do niego osoby z ca\u0142ego miasta, kt\u00f3re maj\u0105 problem z brakiem pracy i d\u0142u\u017csz\u0105 nieaktywno\u015bci\u0105 zawodow\u0105. W ramach centrum s\u0105 prowadzone zaj\u0119cia w zakresie warsztat\u00f3w zawodowych oraz zaj\u0119cia z reintegracji spo\u0142ecznej i zawodowej.<\/p>\n<p><img loading=\"lazy\" decoding=\"async\" class=\"alignnone wp-image-4677\" src=\"http:\/\/www.old.wces.eu\/wp-content\/uploads\/2018\/02\/Tytu\u0142-Sp\u00f3\u0142dzielnia-Mieszkaniowa-212x300.jpg\" alt=\"\" width=\"257\" height=\"359\" \/> \u00a0 \u00a0 \u00a0 <img loading=\"lazy\" decoding=\"async\" class=\"alignnone wp-image-4676\" src=\"http:\/\/www.old.wces.eu\/wp-content\/uploads\/2018\/02\/Tytu\u0142-Everest-212x300.jpg\" alt=\"\" width=\"257\" height=\"359\" \/><\/p>\n<p style=\"text-align: justify;\">Pr\u0119\u017cny rozw\u00f3j podmiot\u00f3w ekonomii spo\u0142ecznej by\u0142 mo\u017cliwy mi\u0119dzy innymi dzi\u0119ki \u015bwietnej wsp\u00f3\u0142pracy ze Sp\u00f3\u0142dzielni\u0105 Mieszkaniow\u0105 w \u015aremie oraz Everest Development Sp. z o. o. Sp\u00f3\u0142ka Komandytowa, kt\u00f3re zosta\u0142y nagrodzone honorowym tytu\u0142em <em>Przedsi\u0119biorca Zaanga\u017cowany<\/em> podczas konferencji Partnerstwa lokalne szans\u0105 na rozw\u00f3j spo\u0142eczno-gospodarczy w Powiecie \u015aremskim w dniu 16 stycznia 2018 r., w trakcie kt\u00f3rej obchodzili\u015bmy r\u00f3wnie\u017c 2-lecie dzia\u0142alno\u015bci Wielobran\u017cowej Sp\u00f3\u0142dzielnia Socjalnej Paumark \u015arem.<\/p>\n","protected":false},"excerpt":{"rendered":"<p>Budowanie partnerstwa lokalnego w \u015aremie rozpocz\u0119\u0142o si\u0119 kilka lat temu. Przy O\u015brodku Pomocy Spo\u0142ecznej zebra\u0142a si\u0119 grupa os\u00f3b, podopiecznych OPS, kt\u00f3rzy po pewnym czasie zacz\u0119li przygotowywa\u0107 si\u0119 do powo\u0142ania sp\u00f3\u0142dzielni socjalnej. R\u00f3wnolegle toczy\u0142 si\u0119 proces budowania partnerstwa lokalnego, odbywa\u0142y si\u0119 &hellip; <a href=\"https:\/\/oldwces.barka.org.pl\/?page_id=4672\">Czytaj dalej <span class=\"meta-nav\">&rarr;<\/span><\/a><\/p>\n","protected":false},"author":4,"featured_media":0,"parent":0,"menu_order":0,"comment_status":"closed","ping_status":"closed","template":"","meta":{"jetpack_post_was_ever_published":false,"footnotes":""},"class_list":["post-4672","page","type-page","status-publish","hentry"],"aioseo_notices":[],"jetpack_shortlink":"https:\/\/wp.me\/P41gHA-1dm","jetpack_sharing_enabled":true,"_links":{"self":[{"href":"https:\/\/oldwces.barka.org.pl\/index.php?rest_route=\/wp\/v2\/pages\/4672","targetHints":{"allow":["GET"]}}],"collection":[{"href":"https:\/\/oldwces.barka.org.pl\/index.php?rest_route=\/wp\/v2\/pages"}],"about":[{"href":"https:\/\/oldwces.barka.org.pl\/index.php?rest_route=\/wp\/v2\/types\/page"}],"author":[{"embeddable":true,"href":"https:\/\/oldwces.barka.org.pl\/index.php?rest_route=\/wp\/v2\/users\/4"}],"replies":[{"embeddable":true,"href":"https:\/\/oldwces.barka.org.pl\/index.php?rest_route=%2Fwp%2Fv2%2Fcomments&post=4672"}],"version-history":[{"count":11,"href":"https:\/\/oldwces.barka.org.pl\/index.php?rest_route=\/wp\/v2\/pages\/4672\/revisions"}],"predecessor-version":[{"id":4690,"href":"https:\/\/oldwces.barka.org.pl\/index.php?rest_route=\/wp\/v2\/pages\/4672\/revisions\/4690"}],"wp:attachment":[{"href":"https:\/\/oldwces.barka.org.pl\/index.php?rest_route=%2Fwp%2Fv2%2Fmedia&parent=4672"}],"curies":[{"name":"wp","href":"https:\/\/api.w.org\/{rel}","templated":true}]}}