{"id":4595,"date":"2018-01-30T20:12:13","date_gmt":"2018-01-30T19:12:13","guid":{"rendered":"http:\/\/www.old.wces.eu\/?page_id=4595"},"modified":"2018-01-30T20:12:13","modified_gmt":"2018-01-30T19:12:13","slug":"partnerstwo-w-komornikach","status":"publish","type":"page","link":"https:\/\/oldwces.barka.org.pl\/?page_id=4595","title":{"rendered":"Partnerstwo w Komornikach"},"content":{"rendered":"<p style=\"text-align: justify;\"><img loading=\"lazy\" decoding=\"async\" class=\" wp-image-4575 alignleft\" src=\"http:\/\/www.old.wces.eu\/wp-content\/uploads\/2018\/01\/Komorniki-273x300.jpg\" alt=\"\" width=\"213\" height=\"233\" srcset=\"https:\/\/oldwces.barka.org.pl\/wp-content\/uploads\/2018\/01\/Komorniki-273x300.jpg 273w, https:\/\/oldwces.barka.org.pl\/wp-content\/uploads\/2018\/01\/Komorniki-768x844.jpg 768w, https:\/\/oldwces.barka.org.pl\/wp-content\/uploads\/2018\/01\/Komorniki.jpg 801w\" sizes=\"auto, (max-width: 213px) 100vw, 213px\" \/>Partnerstwo lokalne tworzy W\u00f3jt Jan Broda, radni, przedstawiciele O\u015brodka Pomocy Spo\u0142ecznej, pracownicy szk\u00f3\u0142 oraz przedsi\u0119biorcy lokalni, a tak\u017ce przedstawiciele spo\u0142eczno\u015bci lokalnej i dzia\u0142acze spo\u0142eczni. Celem nadrz\u0119dnym partnerstwa jest doprowadzenie do powstania podmiot\u00f3w ekonomii spo\u0142ecznej, kt\u00f3rych do tej pory brakuje w Komornikach. Obecnie partnerstwo w\u0142\u0105czy\u0142o si\u0119 w proces opracowywania programu rewitalizacji, w ramach kt\u00f3rego ma powsta\u0107 centrum integracji spo\u0142ecznej, klub seniora i centrum kultury. Partnerstwo lokalne w styczniu 2018 uczestniczy\u0142o w wizycie studyjnej do podmiot\u00f3w ekonomii spo\u0142ecznej w Pniewach, Kwilczu i Poznaniu, by lepiej pozna\u0107 formu\u0142\u0119 dzia\u0142ania CIS i sp\u00f3\u0142dzielni socjalnych.<\/p>\n","protected":false},"excerpt":{"rendered":"<p>Partnerstwo lokalne tworzy W\u00f3jt Jan Broda, radni, przedstawiciele O\u015brodka Pomocy Spo\u0142ecznej, pracownicy szk\u00f3\u0142 oraz przedsi\u0119biorcy lokalni, a tak\u017ce przedstawiciele spo\u0142eczno\u015bci lokalnej i dzia\u0142acze spo\u0142eczni. Celem nadrz\u0119dnym partnerstwa jest doprowadzenie do powstania podmiot\u00f3w ekonomii spo\u0142ecznej, kt\u00f3rych do tej pory brakuje w &hellip; <a href=\"https:\/\/oldwces.barka.org.pl\/?page_id=4595\">Czytaj dalej <span class=\"meta-nav\">&rarr;<\/span><\/a><\/p>\n","protected":false},"author":4,"featured_media":0,"parent":0,"menu_order":0,"comment_status":"closed","ping_status":"closed","template":"","meta":{"jetpack_post_was_ever_published":false,"footnotes":""},"class_list":["post-4595","page","type-page","status-publish","hentry"],"aioseo_notices":[],"jetpack_shortlink":"https:\/\/wp.me\/P41gHA-1c7","jetpack_sharing_enabled":true,"_links":{"self":[{"href":"https:\/\/oldwces.barka.org.pl\/index.php?rest_route=\/wp\/v2\/pages\/4595","targetHints":{"allow":["GET"]}}],"collection":[{"href":"https:\/\/oldwces.barka.org.pl\/index.php?rest_route=\/wp\/v2\/pages"}],"about":[{"href":"https:\/\/oldwces.barka.org.pl\/index.php?rest_route=\/wp\/v2\/types\/page"}],"author":[{"embeddable":true,"href":"https:\/\/oldwces.barka.org.pl\/index.php?rest_route=\/wp\/v2\/users\/4"}],"replies":[{"embeddable":true,"href":"https:\/\/oldwces.barka.org.pl\/index.php?rest_route=%2Fwp%2Fv2%2Fcomments&post=4595"}],"version-history":[{"count":4,"href":"https:\/\/oldwces.barka.org.pl\/index.php?rest_route=\/wp\/v2\/pages\/4595\/revisions"}],"predecessor-version":[{"id":4599,"href":"https:\/\/oldwces.barka.org.pl\/index.php?rest_route=\/wp\/v2\/pages\/4595\/revisions\/4599"}],"wp:attachment":[{"href":"https:\/\/oldwces.barka.org.pl\/index.php?rest_route=%2Fwp%2Fv2%2Fmedia&parent=4595"}],"curies":[{"name":"wp","href":"https:\/\/api.w.org\/{rel}","templated":true}]}}