{"id":4388,"date":"2018-01-29T15:18:20","date_gmt":"2018-01-29T14:18:20","guid":{"rendered":"http:\/\/www.old.wces.eu\/?page_id=4388"},"modified":"2018-02-20T15:30:58","modified_gmt":"2018-02-20T14:30:58","slug":"allthings-home-sp-z-o-o","status":"publish","type":"page","link":"https:\/\/oldwces.barka.org.pl\/?page_id=4388","title":{"rendered":"ALLTHINGS Home Sp. z o.o."},"content":{"rendered":"<p style=\"text-align: justify;\">ALL<strong>THINGS<\/strong> HOME Sp. z o.o. to grupa ludzi, kt\u00f3rzy postanowili zrobi\u0107 wszystko, by uczyni\u0107 \u015bwiat lepszym miejscem do \u017cycia. A poniewa\u017c nasz\u0105 pasj\u0105 jest przestrze\u0144 i ukryte w niej mo\u017cliwo\u015bci, oczywistym by\u0142 wyb\u00f3r projektowania, bo w ten spos\u00f3b mo\u017cemy zadzia\u0142a\u0107 najlepiej i zdzia\u0142a\u0107 najwi\u0119cej. W naszych projektach staramy si\u0119 tworzy\u0107 komfortowe a zarazem praktyczne i funkcjonalne aran\u017cacje przestrzeni najbli\u017cszej cz\u0142owiekowi Maj\u0105c \u015bwiadomo\u015b\u0107 naszego znaczenia w kreowaniu tej rzeczywisto\u015bci, albowiem \u0142adne wn\u0119trza wywo\u0142uj\u0105 w nas \u0142adne zachowania, postanowili\u015bmy przybra\u0107 innowacyjn\u0105 form\u0119 podmiotu ekonomii spo\u0142ecznej, co pozwala na czynienie \u015bwiata lepszym w obszarach, kt\u00f3re nas otaczaj\u0105.<\/p>\n<p><img loading=\"lazy\" decoding=\"async\" class=\"alignnone size-medium wp-image-4395\" src=\"http:\/\/www.old.wces.eu\/wp-content\/uploads\/2018\/01\/allthingshome-ogrod-199x300.jpg\" alt=\"\" width=\"199\" height=\"300\" srcset=\"https:\/\/oldwces.barka.org.pl\/wp-content\/uploads\/2018\/01\/allthingshome-ogrod-199x300.jpg 199w, https:\/\/oldwces.barka.org.pl\/wp-content\/uploads\/2018\/01\/allthingshome-ogrod-768x1160.jpg 768w, https:\/\/oldwces.barka.org.pl\/wp-content\/uploads\/2018\/01\/allthingshome-ogrod-678x1024.jpg 678w\" sizes=\"auto, (max-width: 199px) 100vw, 199px\" \/>\u00a0 \u00a0 \u00a0 \u00a0 \u00a0 \u00a0 \u00a0 \u00a0 \u00a0 \u00a0\u00a0 \u00a0 \u00a0 \u00a0 \u00a0 \u00a0 \u00a0 \u00a0 <img loading=\"lazy\" decoding=\"async\" class=\"alignnone size-medium wp-image-4393\" src=\"http:\/\/www.old.wces.eu\/wp-content\/uploads\/2018\/01\/allthingshome-kuchnia-200x300.jpg\" alt=\"\" width=\"200\" height=\"300\" srcset=\"https:\/\/oldwces.barka.org.pl\/wp-content\/uploads\/2018\/01\/allthingshome-kuchnia-200x300.jpg 200w, https:\/\/oldwces.barka.org.pl\/wp-content\/uploads\/2018\/01\/allthingshome-kuchnia.jpg 646w\" sizes=\"auto, (max-width: 200px) 100vw, 200px\" \/><\/p>\n<p style=\"text-align: justify;\">Zrzeszamy projektant\u00f3w, designer\u00f3w i specjalist\u00f3w ch\u0119tnie podejmuj\u0105cych nowe wyzwania i odkrywaj\u0105cych mo\u017cliwo\u015bci ukryte w przestrzeni. Studio projektowe zrodzi\u0142o si\u0119 ze wsp\u00f3lnej pasji do tworzenia oraz ubierania potrzeb klienta w komfortow\u0105 form\u0119. Jeste\u015bmy w stanie przeprowadzi\u0107 klienta od etapu pozwole\u0144 a\u017c po gotowy wyko\u0144czony dom z ogrodem czy biurowiec.<\/p>\n<p><img loading=\"lazy\" decoding=\"async\" class=\"alignnone wp-image-4397\" src=\"http:\/\/www.old.wces.eu\/wp-content\/uploads\/2018\/01\/allthingshome-stol-300x200.jpg\" alt=\"\" width=\"263\" height=\"179\" \/>\u00a0 \u00a0\u00a0 <img loading=\"lazy\" decoding=\"async\" class=\"alignnone wp-image-4396\" src=\"http:\/\/www.old.wces.eu\/wp-content\/uploads\/2018\/01\/allthingshome-salon-300x200.jpg\" alt=\"\" width=\"259\" height=\"176\" \/><\/p>\n<p><u>Dane kontaktowe:\u00a0<\/u><\/p>\n<p>ul. G\u0142ogowska 161, 60-126 Pozna\u0144<\/p>\n<p>tel.: 600 913 392<\/p>\n<p>e-mail: <a href=\"mailto:studio@allthingshome.pl\">studio@allthingshome.pl<\/a><\/p>\n<p><a href=\"http:\/\/www.allthings-home.com\">www.allthings-home.com<\/a><\/p>\n<p><img loading=\"lazy\" decoding=\"async\" class=\"alignnone wp-image-4392\" src=\"http:\/\/www.old.wces.eu\/wp-content\/uploads\/2018\/01\/allthingshome-jadalnia-300x225.jpg\" alt=\"\" width=\"247\" height=\"188\" \/> \u00a0 \u00a0 <img loading=\"lazy\" decoding=\"async\" class=\"alignnone wp-image-4394\" src=\"http:\/\/www.old.wces.eu\/wp-content\/uploads\/2018\/01\/allthingshome-lazienka-300x200.jpg\" alt=\"\" width=\"275\" height=\"187\" \/><\/p>\n<p><u>Oferta:<\/u><\/p>\n<p style=\"text-align: justify;\">ALL<strong>THINGS<\/strong> HOME realizuje 5 us\u0142ug w obszarze szeroko rozumianego projektowania budynk\u00f3w, wn\u0119trz oraz zieleni. Swoje us\u0142ugi \u015bwiadczymy g\u0142\u00f3wnie na terenie Wielkopolski, ale tak\u017ce na terenie ca\u0142ego kraju. W sk\u0142ad oferty naszego studia wchodz\u0105:<\/p>\n<p>PROJEKTY ARCHITEKTONICZNE podzielone na nast\u0119puj\u0105ce fazy:<\/p>\n<ul>\n<li>FAZA I &#8211; projekt koncepcyjny<\/li>\n<li>FAZA II &#8211; projekt budowlany architektoniczny do zg\u0142oszenia lub pozwolenia na budow\u0119<\/li>\n<li>FAZA III- nadz\u00f3r autorski na \u017c\u0105danie inwestora lub w\u0142a\u015bciwego organu<\/li>\n<\/ul>\n<p>PROJEKTY WN\u0118TRZ PRYWATNYCH w poszczeg\u00f3lnych pakietach:<\/p>\n<ul>\n<li>Pakiet Standard<\/li>\n<li>Pakiet Premium<\/li>\n<li>Pakiet Prestige<\/li>\n<\/ul>\n<p>PROJEKTY WN\u0118TRZ KOMERCYJNYCH w kolejnych fazach:<img loading=\"lazy\" decoding=\"async\" class=\"alignnone size-medium wp-image-4391\" src=\"http:\/\/www.old.wces.eu\/wp-content\/uploads\/2018\/01\/allthingshome-biuro-300x200.jpg\" alt=\"\" width=\"300\" height=\"200\" srcset=\"https:\/\/oldwces.barka.org.pl\/wp-content\/uploads\/2018\/01\/allthingshome-biuro-300x200.jpg 300w, https:\/\/oldwces.barka.org.pl\/wp-content\/uploads\/2018\/01\/allthingshome-biuro-768x512.jpg 768w, https:\/\/oldwces.barka.org.pl\/wp-content\/uploads\/2018\/01\/allthingshome-biuro-1024x683.jpg 1024w, https:\/\/oldwces.barka.org.pl\/wp-content\/uploads\/2018\/01\/allthingshome-biuro-450x300.jpg 450w, https:\/\/oldwces.barka.org.pl\/wp-content\/uploads\/2018\/01\/allthingshome-biuro.jpg 1613w\" sizes=\"auto, (max-width: 300px) 100vw, 300px\" \/><\/p>\n<ul>\n<li>FAZA I &#8211; projekt koncepcyjny<\/li>\n<li>FAZA II &#8211; projekt wykonawczy<\/li>\n<li>Faza III &#8211; nadz\u00f3r<\/li>\n<\/ul>\n<p>PROJEKTY ZIELENI wed\u0142ug etap\u00f3w faz:<\/p>\n<ul>\n<li>FAZA I &#8211; koncepcja<\/li>\n<li>FAZA II &#8211; projekt<\/li>\n<li>FAZA III &#8211; nadz\u00f3r<\/li>\n<\/ul>\n<p>SHOWROOM &#8211; zapraszamy do odwiedzenia naszej siedziby w Poznaniu<\/p>\n","protected":false},"excerpt":{"rendered":"<p>ALLTHINGS HOME Sp. z o.o. to grupa ludzi, kt\u00f3rzy postanowili zrobi\u0107 wszystko, by uczyni\u0107 \u015bwiat lepszym miejscem do \u017cycia. A poniewa\u017c nasz\u0105 pasj\u0105 jest przestrze\u0144 i ukryte w niej mo\u017cliwo\u015bci, oczywistym by\u0142 wyb\u00f3r projektowania, bo w ten spos\u00f3b mo\u017cemy zadzia\u0142a\u0107 &hellip; <a href=\"https:\/\/oldwces.barka.org.pl\/?page_id=4388\">Czytaj dalej <span class=\"meta-nav\">&rarr;<\/span><\/a><\/p>\n","protected":false},"author":4,"featured_media":0,"parent":0,"menu_order":0,"comment_status":"closed","ping_status":"closed","template":"","meta":{"jetpack_post_was_ever_published":false,"footnotes":""},"class_list":["post-4388","page","type-page","status-publish","hentry"],"aioseo_notices":[],"jetpack_shortlink":"https:\/\/wp.me\/P41gHA-18M","jetpack_sharing_enabled":true,"_links":{"self":[{"href":"https:\/\/oldwces.barka.org.pl\/index.php?rest_route=\/wp\/v2\/pages\/4388","targetHints":{"allow":["GET"]}}],"collection":[{"href":"https:\/\/oldwces.barka.org.pl\/index.php?rest_route=\/wp\/v2\/pages"}],"about":[{"href":"https:\/\/oldwces.barka.org.pl\/index.php?rest_route=\/wp\/v2\/types\/page"}],"author":[{"embeddable":true,"href":"https:\/\/oldwces.barka.org.pl\/index.php?rest_route=\/wp\/v2\/users\/4"}],"replies":[{"embeddable":true,"href":"https:\/\/oldwces.barka.org.pl\/index.php?rest_route=%2Fwp%2Fv2%2Fcomments&post=4388"}],"version-history":[{"count":8,"href":"https:\/\/oldwces.barka.org.pl\/index.php?rest_route=\/wp\/v2\/pages\/4388\/revisions"}],"predecessor-version":[{"id":4916,"href":"https:\/\/oldwces.barka.org.pl\/index.php?rest_route=\/wp\/v2\/pages\/4388\/revisions\/4916"}],"wp:attachment":[{"href":"https:\/\/oldwces.barka.org.pl\/index.php?rest_route=%2Fwp%2Fv2%2Fmedia&parent=4388"}],"curies":[{"name":"wp","href":"https:\/\/api.w.org\/{rel}","templated":true}]}}