{"id":3161,"date":"2016-09-08T16:36:56","date_gmt":"2016-09-08T15:36:56","guid":{"rendered":"http:\/\/www.old.wces.eu\/?page_id=3161"},"modified":"2016-09-14T18:55:26","modified_gmt":"2016-09-14T17:55:26","slug":"zgloszenia","status":"publish","type":"page","link":"https:\/\/oldwces.barka.org.pl\/?page_id=3161","title":{"rendered":"Zg\u0142oszenia"},"content":{"rendered":"<p>Szczeg\u00f3\u0142owe informacje: <a href=\"mailto:elzbieta.malik@barka.org.pl\">elzbieta.malik@barka.org.pl<\/a>, tel. +48\u00a0515\u00a0097 867<\/p>\n<p>&nbsp;<\/p>\n<p><a href=\"http:\/\/www.old.wces.eu\/wp-content\/uploads\/2016\/09\/Formularz-_zg\u0142oszeniowy_Gra_EStka.docx\">formularz-_zgloszeniowy_gra_estka<\/a><\/p>\n<p><a href=\"http:\/\/www.old.wces.eu\/wp-content\/uploads\/2016\/09\/Zgoda_rodzic\u00f3w_Gra_EStka.docx\">zgoda_rodzicow_gra_estka<\/a><\/p>\n","protected":false},"excerpt":{"rendered":"<p>Szczeg\u00f3\u0142owe informacje: elzbieta.malik@barka.org.pl, tel. +48\u00a0515\u00a0097 867 &nbsp; formularz-_zgloszeniowy_gra_estka zgoda_rodzicow_gra_estka<\/p>\n","protected":false},"author":1,"featured_media":0,"parent":3157,"menu_order":0,"comment_status":"closed","ping_status":"closed","template":"","meta":{"jetpack_post_was_ever_published":false,"footnotes":""},"class_list":["post-3161","page","type-page","status-publish","hentry"],"aioseo_notices":[],"jetpack_shortlink":"https:\/\/wp.me\/P41gHA-OZ","jetpack_sharing_enabled":true,"_links":{"self":[{"href":"https:\/\/oldwces.barka.org.pl\/index.php?rest_route=\/wp\/v2\/pages\/3161","targetHints":{"allow":["GET"]}}],"collection":[{"href":"https:\/\/oldwces.barka.org.pl\/index.php?rest_route=\/wp\/v2\/pages"}],"about":[{"href":"https:\/\/oldwces.barka.org.pl\/index.php?rest_route=\/wp\/v2\/types\/page"}],"author":[{"embeddable":true,"href":"https:\/\/oldwces.barka.org.pl\/index.php?rest_route=\/wp\/v2\/users\/1"}],"replies":[{"embeddable":true,"href":"https:\/\/oldwces.barka.org.pl\/index.php?rest_route=%2Fwp%2Fv2%2Fcomments&post=3161"}],"version-history":[{"count":4,"href":"https:\/\/oldwces.barka.org.pl\/index.php?rest_route=\/wp\/v2\/pages\/3161\/revisions"}],"predecessor-version":[{"id":3186,"href":"https:\/\/oldwces.barka.org.pl\/index.php?rest_route=\/wp\/v2\/pages\/3161\/revisions\/3186"}],"up":[{"embeddable":true,"href":"https:\/\/oldwces.barka.org.pl\/index.php?rest_route=\/wp\/v2\/pages\/3157"}],"wp:attachment":[{"href":"https:\/\/oldwces.barka.org.pl\/index.php?rest_route=%2Fwp%2Fv2%2Fmedia&parent=3161"}],"curies":[{"name":"wp","href":"https:\/\/api.w.org\/{rel}","templated":true}]}}