{"id":3133,"date":"2016-09-08T15:54:30","date_gmt":"2016-09-08T14:54:30","guid":{"rendered":"http:\/\/www.old.wces.eu\/?page_id=3133"},"modified":"2017-09-11T07:32:16","modified_gmt":"2017-09-11T06:32:16","slug":"bieg","status":"publish","type":"page","link":"https:\/\/oldwces.barka.org.pl\/?page_id=3133","title":{"rendered":"Bieg"},"content":{"rendered":"<p style=\"text-align: justify;\">Fundacja Pomocy Wzajemnej Barka, Wielkopolska Rada Koordynacyjna Zwi\u0105zek Organizacji Pozarz\u0105dowych oraz Zwi\u0105zek Organizacji Sie\u0107 Wsp\u00f3\u0142pracy Barka, zapraszaj\u0105 na II Bieg na rzecz Ekonomii Spo\u0142ecznej \u015ar\u00f3dka-Zawady w Poznaniu, w sobot\u0119 30 wrze\u015bnia 2017 r., \u00a0w ramach projektu \u201eWielkopolskie Centrum Ekonomii Solidarnej\u201d.<\/p>\n<p style=\"text-align: justify;\">Zapisy rozpoczynaj\u0105 si\u0119 w poniedzia\u0142ek, 4 wrze\u015bnia 2017 r. o godz. 14, pod tym linkiem: <a href=\"http:\/\/zapisy.maratonczykpomiarczasu.pl\/bieg-srodka-zawady\">http:\/\/zapisy.maratonczykpomiarczasu.pl\/bieg-srodka-zawady<\/a><\/p>\n<p style=\"text-align: justify;\">Szczeg\u00f3\u0142owy regulamin biegu w za\u0142\u0105czeniu.<\/p>\n<p style=\"text-align: justify;\">W tym roku zapraszamy do udzia\u0142u w \u00a0II Biegu na rzecz ES zar\u00f3wno doros\u0142ych, jak i dzieci. W sobot\u0119 30 wrze\u015bnia o godz. 9 startuj\u0105 doro\u015bli z siedziby Fundacji Barka, a o godz. 10 \u2013 dzieci. W za\u0142\u0105czeniu tegoroczne mapki biegowe.<\/p>\n<p><a href=\"http:\/\/www.old.wces.eu\/wp-content\/uploads\/2017\/09\/Regulamin-biegu-2017.pdf\">Regulamin biegu 2017<\/a><\/p>\n<p><a href=\"http:\/\/www.old.wces.eu\/wp-content\/uploads\/2017\/09\/Mapka-biegu-2017.pdf\">Mapka-biegu-2017<\/a><\/p>\n<p><img loading=\"lazy\" decoding=\"async\" class=\"alignnone size-medium wp-image-4042\" src=\"http:\/\/www.old.wces.eu\/wp-content\/uploads\/2016\/09\/plakatA4.2017.v2-212x300.jpg\" alt=\"\" width=\"212\" height=\"300\" srcset=\"https:\/\/oldwces.barka.org.pl\/wp-content\/uploads\/2016\/09\/plakatA4.2017.v2-212x300.jpg 212w, https:\/\/oldwces.barka.org.pl\/wp-content\/uploads\/2016\/09\/plakatA4.2017.v2-768x1086.jpg 768w, https:\/\/oldwces.barka.org.pl\/wp-content\/uploads\/2016\/09\/plakatA4.2017.v2-724x1024.jpg 724w\" sizes=\"auto, (max-width: 212px) 100vw, 212px\" \/><\/p>\n","protected":false},"excerpt":{"rendered":"<p>Fundacja Pomocy Wzajemnej Barka, Wielkopolska Rada Koordynacyjna Zwi\u0105zek Organizacji Pozarz\u0105dowych oraz Zwi\u0105zek Organizacji Sie\u0107 Wsp\u00f3\u0142pracy Barka, zapraszaj\u0105 na II Bieg na rzecz Ekonomii Spo\u0142ecznej \u015ar\u00f3dka-Zawady w Poznaniu, w sobot\u0119 30 wrze\u015bnia 2017 r., \u00a0w ramach projektu \u201eWielkopolskie Centrum Ekonomii Solidarnej\u201d. &hellip; <a href=\"https:\/\/oldwces.barka.org.pl\/?page_id=3133\">Czytaj dalej <span class=\"meta-nav\">&rarr;<\/span><\/a><\/p>\n","protected":false},"author":1,"featured_media":0,"parent":3131,"menu_order":0,"comment_status":"closed","ping_status":"closed","template":"","meta":{"jetpack_post_was_ever_published":false,"footnotes":""},"class_list":["post-3133","page","type-page","status-publish","hentry"],"aioseo_notices":[],"jetpack_shortlink":"https:\/\/wp.me\/P41gHA-Ox","jetpack_sharing_enabled":true,"_links":{"self":[{"href":"https:\/\/oldwces.barka.org.pl\/index.php?rest_route=\/wp\/v2\/pages\/3133","targetHints":{"allow":["GET"]}}],"collection":[{"href":"https:\/\/oldwces.barka.org.pl\/index.php?rest_route=\/wp\/v2\/pages"}],"about":[{"href":"https:\/\/oldwces.barka.org.pl\/index.php?rest_route=\/wp\/v2\/types\/page"}],"author":[{"embeddable":true,"href":"https:\/\/oldwces.barka.org.pl\/index.php?rest_route=\/wp\/v2\/users\/1"}],"replies":[{"embeddable":true,"href":"https:\/\/oldwces.barka.org.pl\/index.php?rest_route=%2Fwp%2Fv2%2Fcomments&post=3133"}],"version-history":[{"count":10,"href":"https:\/\/oldwces.barka.org.pl\/index.php?rest_route=\/wp\/v2\/pages\/3133\/revisions"}],"predecessor-version":[{"id":4065,"href":"https:\/\/oldwces.barka.org.pl\/index.php?rest_route=\/wp\/v2\/pages\/3133\/revisions\/4065"}],"up":[{"embeddable":true,"href":"https:\/\/oldwces.barka.org.pl\/index.php?rest_route=\/wp\/v2\/pages\/3131"}],"wp:attachment":[{"href":"https:\/\/oldwces.barka.org.pl\/index.php?rest_route=%2Fwp%2Fv2%2Fmedia&parent=3133"}],"curies":[{"name":"wp","href":"https:\/\/api.w.org\/{rel}","templated":true}]}}