{"id":2314,"date":"2015-05-29T12:48:04","date_gmt":"2015-05-29T11:48:04","guid":{"rendered":"http:\/\/www.old.wces.eu\/?page_id=2314"},"modified":"2018-04-23T19:20:00","modified_gmt":"2018-04-23T18:20:00","slug":"fundacja-barka-dane-i-sprawozdania-organizacji","status":"publish","type":"page","link":"https:\/\/oldwces.barka.org.pl\/?page_id=2314","title":{"rendered":"Fundacja Barka &#8211; dane i sprawozdania organizacji"},"content":{"rendered":"<p>Poni\u017cej znajd\u0105 Pa\u0144stwo podstawowe dane Fundacji Pomocy Wzajemnej Barka prowadz\u0105cej O\u015brodek Wsparcia Ekonomii Spo\u0142ecznej<\/p>\n<ul>\n<li><a href=\"http:\/\/barka.org.pl\/sites\/default\/files\/NIP.pdf\" target=\"_blank\" rel=\"noopener\">Za\u015bwiadczenie o Numerze Identyfikacji Podatkowej &#8211; NIP<\/a> (plik PDF)<\/li>\n<li><a href=\"http:\/\/barka.org.pl\/sites\/default\/files\/Regon.pdf\" target=\"_blank\" rel=\"noopener\">Za\u015bwiadczenie z Rejestru Gospodarki Narodowej &#8211; REGON<\/a> (plik PDF)<\/li>\n<li><a href=\"http:\/\/barka.org.pl\/sites\/default\/files\/KRS.pdf\" target=\"_blank\" rel=\"noopener\">Odpis z Krajowego Rejestru S\u0105dowego &#8211; KRS<\/a> (plik PDF)<\/li>\n<li><a href=\"http:\/\/barka.org.pl\/sites\/default\/files\/FPW_Barka_bilans2012.pdf\" target=\"_blank\" rel=\"noopener\">Rachunek wynik\u00f3w za okres od 01.01.2012 do 31.12.2012<\/a> (plik PDF)<\/li>\n<li><a href=\"http:\/\/barka.org.pl\/sites\/default\/files\/FPW_Barka_bilans2013.pdf\" target=\"_blank\" rel=\"noopener\">Rachunek wynik\u00f3w za okres od 01.01.2013 do 31.12.2013<\/a><\/li>\n<li><a href=\"http:\/\/www.old.wces.eu\/wp-content\/uploads\/2018\/02\/roczne-sprawozdanie-z-dzialalnosci-Barki-2014.pdf\">Roczne sprawozdanie z dzia\u0142alno\u015bci Barki 2014<\/a><\/li>\n<li><a href=\"http:\/\/www.old.wces.eu\/wp-content\/uploads\/2018\/02\/WYNIK-FINANS.-2014.pdf\">WYNIK FINANS. 2014<\/a><\/li>\n<li><a href=\"http:\/\/www.old.wces.eu\/wp-content\/uploads\/2018\/02\/bilans-2014.pdf\">Bilans 2014<\/a><\/li>\n<li>R<a href=\"http:\/\/www.old.wces.eu\/wp-content\/uploads\/2018\/02\/roczne-sprawozdanie-z-dzialalnosci-Barki-2015.pdf\">roczne sprawozdanie z dzia\u0142alno\u015bci Barki 2015<\/a><\/li>\n<li><a href=\"http:\/\/www.old.wces.eu\/wp-content\/uploads\/2018\/02\/WYNIK-FINANS.-2015.pdf\">WYNIK FINANS. 2015<\/a><\/li>\n<li><a href=\"http:\/\/www.old.wces.eu\/wp-content\/uploads\/2018\/02\/bilans-2015-3.pdf\">Bilans 2015<\/a><\/li>\n<li><a href=\"http:\/\/www.old.wces.eu\/wp-content\/uploads\/2018\/02\/roczne-sprawozdanie-z-dzialalnosci-Barki-2016.pdf\">Roczne sprawozdanie z dzia\u0142alno\u015bci Barki 2016<\/a><\/li>\n<li><a href=\"http:\/\/www.old.wces.eu\/wp-content\/uploads\/2018\/02\/WYNIK-FINANS.-2016.pdf\">WYNIK FINANS. 2016<\/a><\/li>\n<li><a href=\"http:\/\/www.old.wces.eu\/wp-content\/uploads\/2018\/02\/bilans-2016.pdf\">bilans 2016<\/a><\/li>\n<\/ul>\n","protected":false},"excerpt":{"rendered":"<p>Poni\u017cej znajd\u0105 Pa\u0144stwo podstawowe dane Fundacji Pomocy Wzajemnej Barka prowadz\u0105cej O\u015brodek Wsparcia Ekonomii Spo\u0142ecznej Za\u015bwiadczenie o Numerze Identyfikacji Podatkowej &#8211; NIP (plik PDF) Za\u015bwiadczenie z Rejestru Gospodarki Narodowej &#8211; REGON (plik PDF) Odpis z Krajowego Rejestru S\u0105dowego &#8211; KRS (plik &hellip; <a href=\"https:\/\/oldwces.barka.org.pl\/?page_id=2314\">Czytaj dalej <span class=\"meta-nav\">&rarr;<\/span><\/a><\/p>\n","protected":false},"author":1,"featured_media":0,"parent":0,"menu_order":0,"comment_status":"closed","ping_status":"closed","template":"","meta":{"jetpack_post_was_ever_published":false,"footnotes":""},"class_list":["post-2314","page","type-page","status-publish","hentry"],"aioseo_notices":[],"jetpack_shortlink":"https:\/\/wp.me\/P41gHA-Bk","jetpack_sharing_enabled":true,"_links":{"self":[{"href":"https:\/\/oldwces.barka.org.pl\/index.php?rest_route=\/wp\/v2\/pages\/2314","targetHints":{"allow":["GET"]}}],"collection":[{"href":"https:\/\/oldwces.barka.org.pl\/index.php?rest_route=\/wp\/v2\/pages"}],"about":[{"href":"https:\/\/oldwces.barka.org.pl\/index.php?rest_route=\/wp\/v2\/types\/page"}],"author":[{"embeddable":true,"href":"https:\/\/oldwces.barka.org.pl\/index.php?rest_route=\/wp\/v2\/users\/1"}],"replies":[{"embeddable":true,"href":"https:\/\/oldwces.barka.org.pl\/index.php?rest_route=%2Fwp%2Fv2%2Fcomments&post=2314"}],"version-history":[{"count":4,"href":"https:\/\/oldwces.barka.org.pl\/index.php?rest_route=\/wp\/v2\/pages\/2314\/revisions"}],"predecessor-version":[{"id":5201,"href":"https:\/\/oldwces.barka.org.pl\/index.php?rest_route=\/wp\/v2\/pages\/2314\/revisions\/5201"}],"wp:attachment":[{"href":"https:\/\/oldwces.barka.org.pl\/index.php?rest_route=%2Fwp%2Fv2%2Fmedia&parent=2314"}],"curies":[{"name":"wp","href":"https:\/\/api.w.org\/{rel}","templated":true}]}}