{"id":2259,"date":"2015-05-13T13:26:13","date_gmt":"2015-05-13T12:26:13","guid":{"rendered":"http:\/\/www.old.wces.eu\/?page_id=2259"},"modified":"2017-02-09T12:07:33","modified_gmt":"2017-02-09T11:07:33","slug":"spoldzielnia-socjalna-eko-przemiana","status":"publish","type":"page","link":"https:\/\/oldwces.barka.org.pl\/?page_id=2259","title":{"rendered":"Sp\u00f3\u0142dzielnia Socjalna &#8222;Eko-Przemiana&#8221;"},"content":{"rendered":"<p><a href=\"http:\/\/www.old.wces.eu\/?attachment_id=2261\" rel=\"attachment wp-att-2261\"><img loading=\"lazy\" decoding=\"async\" class=\"alignnone size-full wp-image-2261\" src=\"http:\/\/www.old.wces.eu\/wp-content\/uploads\/2015\/05\/Eko-Przemiana_logo.jpg\" alt=\"Eko-Przemiana_logo\" width=\"391\" height=\"142\" srcset=\"https:\/\/oldwces.barka.org.pl\/wp-content\/uploads\/2015\/05\/Eko-Przemiana_logo.jpg 391w, https:\/\/oldwces.barka.org.pl\/wp-content\/uploads\/2015\/05\/Eko-Przemiana_logo-300x109.jpg 300w\" sizes=\"auto, (max-width: 391px) 100vw, 391px\" \/><\/a><\/p>\n<p>EKO-Przemiana Sp\u00f3\u0142dzielnia Socjalna<br \/>\nAleksandrowo 2\/1<br \/>\n64-510 Wronki<\/p>\n<p>Tel: 793 307 303 i 793 306 309<br \/>\nmail: <a href=\"mailto:eko.przemiana@gmail.com\">eko.przemiana@gmail.com<br \/>\n<\/a> <a href=\"http:\/\/www.rom-gas.pl\">www.rom-gas.pl<\/a><\/p>\n<p>Nazwa warsztatu samochodowego pod egid\u0105 Sp\u00f3\u0142dzielni: ROM-GAS AUTOGAS.<\/p>\n<p>Ga\u0142\u0119zie dzia\u0142alno\u015bci:<\/p>\n<ul>\n<li>Monta\u017c, serwis, naprawy samochodowych instalacji LG w pojazdach osobowych<\/li>\n<li>Naprawy elektryczne, elektroniczne i mechaniczne w pojazdach samochodowych<\/li>\n<li>Us\u0142ugi elektroniczne, naprawy komputer\u00f3w i peryferi\u00f3w<\/li>\n<li>Us\u0142ugi elektryczne (instalacj\u0119 NN &#8211; niskiego napi\u0119cia)<\/li>\n<li>Opieka nad lud\u017ami starszymi w ich mieszkaniach<\/li>\n<li>Drobne prace ogrodnicze (koszenie traw, sprz\u0105tanie obej\u015bcia, itp)<\/li>\n<\/ul>\n<p><a href=\"http:\/\/www.old.wces.eu\/?cat=53\">Wiadomo\u015bci dotycz\u0105ce\u00a0Sp\u00f3\u0142dzielni Socjalnej &#8222;Eko-Przemiana&#8221;<\/a><strong><br \/>\n<\/strong><\/p>\n<p>&nbsp;<\/p>\n<p>&nbsp;<\/p>\n","protected":false},"excerpt":{"rendered":"<p>EKO-Przemiana Sp\u00f3\u0142dzielnia Socjalna Aleksandrowo 2\/1 64-510 Wronki Tel: 793 307 303 i 793 306 309 mail: eko.przemiana@gmail.com www.rom-gas.pl Nazwa warsztatu samochodowego pod egid\u0105 Sp\u00f3\u0142dzielni: ROM-GAS AUTOGAS. Ga\u0142\u0119zie dzia\u0142alno\u015bci: Monta\u017c, serwis, naprawy samochodowych instalacji LG w pojazdach osobowych Naprawy elektryczne, elektroniczne &hellip; <a href=\"https:\/\/oldwces.barka.org.pl\/?page_id=2259\">Czytaj dalej <span class=\"meta-nav\">&rarr;<\/span><\/a><\/p>\n","protected":false},"author":1,"featured_media":0,"parent":0,"menu_order":0,"comment_status":"closed","ping_status":"closed","template":"sidebar-page.php","meta":{"jetpack_post_was_ever_published":false,"footnotes":""},"class_list":["post-2259","page","type-page","status-publish","hentry"],"aioseo_notices":[],"jetpack_shortlink":"https:\/\/wp.me\/P41gHA-Ar","jetpack_sharing_enabled":true,"_links":{"self":[{"href":"https:\/\/oldwces.barka.org.pl\/index.php?rest_route=\/wp\/v2\/pages\/2259","targetHints":{"allow":["GET"]}}],"collection":[{"href":"https:\/\/oldwces.barka.org.pl\/index.php?rest_route=\/wp\/v2\/pages"}],"about":[{"href":"https:\/\/oldwces.barka.org.pl\/index.php?rest_route=\/wp\/v2\/types\/page"}],"author":[{"embeddable":true,"href":"https:\/\/oldwces.barka.org.pl\/index.php?rest_route=\/wp\/v2\/users\/1"}],"replies":[{"embeddable":true,"href":"https:\/\/oldwces.barka.org.pl\/index.php?rest_route=%2Fwp%2Fv2%2Fcomments&post=2259"}],"version-history":[{"count":6,"href":"https:\/\/oldwces.barka.org.pl\/index.php?rest_route=\/wp\/v2\/pages\/2259\/revisions"}],"predecessor-version":[{"id":3621,"href":"https:\/\/oldwces.barka.org.pl\/index.php?rest_route=\/wp\/v2\/pages\/2259\/revisions\/3621"}],"wp:attachment":[{"href":"https:\/\/oldwces.barka.org.pl\/index.php?rest_route=%2Fwp%2Fv2%2Fmedia&parent=2259"}],"curies":[{"name":"wp","href":"https:\/\/api.w.org\/{rel}","templated":true}]}}