{"id":2253,"date":"2015-05-13T13:03:50","date_gmt":"2015-05-13T12:03:50","guid":{"rendered":"http:\/\/www.old.wces.eu\/?page_id=2253"},"modified":"2018-01-24T08:31:33","modified_gmt":"2018-01-24T07:31:33","slug":"dobra-spoldzielnia-socjalna","status":"publish","type":"page","link":"https:\/\/oldwces.barka.org.pl\/?page_id=2253","title":{"rendered":"Dobra Sp\u00f3\u0142dzielnia Socjalna"},"content":{"rendered":"<p><a href=\"http:\/\/www.old.wces.eu\/?attachment_id=2247\" rel=\"attachment wp-att-2247\"><img loading=\"lazy\" decoding=\"async\" class=\"alignnone size-full wp-image-2247\" src=\"http:\/\/www.old.wces.eu\/wp-content\/uploads\/2015\/05\/dobra_logo.jpg\" alt=\"dobra_logo\" width=\"460\" height=\"271\" srcset=\"https:\/\/oldwces.barka.org.pl\/wp-content\/uploads\/2015\/05\/dobra_logo.jpg 460w, https:\/\/oldwces.barka.org.pl\/wp-content\/uploads\/2015\/05\/dobra_logo-300x177.jpg 300w\" sizes=\"auto, (max-width: 460px) 100vw, 460px\" \/><\/a><\/p>\n<p style=\"text-align: justify;\"><strong>Dobra Kawiarnia<br \/>\n<\/strong><\/p>\n<p>Dobra Sp\u00f3\u0142dzielnia Socjalna to przedsi\u0119biorstw spo\u0142eczne, kt\u00f3rego za\u0142o\u017cycielami s\u0105 Polskie Stowarzyszenie Na Rzecz Os\u00f3b z Niepe\u0142nosprawno\u015bci\u0105 Intelektualn\u0105 Ko\u0142o w Poznaniu i Stowarzyszenie na Tak.<\/p>\n<p><img loading=\"lazy\" decoding=\"async\" class=\"alignnone size-medium wp-image-4385\" src=\"http:\/\/www.old.wces.eu\/wp-content\/uploads\/2018\/01\/dobra-kawiarnia-300x200.jpg\" alt=\"\" width=\"300\" height=\"200\" srcset=\"https:\/\/oldwces.barka.org.pl\/wp-content\/uploads\/2018\/01\/dobra-kawiarnia-300x200.jpg 300w, https:\/\/oldwces.barka.org.pl\/wp-content\/uploads\/2018\/01\/dobra-kawiarnia-768x512.jpg 768w, https:\/\/oldwces.barka.org.pl\/wp-content\/uploads\/2018\/01\/dobra-kawiarnia-1024x683.jpg 1024w, https:\/\/oldwces.barka.org.pl\/wp-content\/uploads\/2018\/01\/dobra-kawiarnia-450x300.jpg 450w\" sizes=\"auto, (max-width: 300px) 100vw, 300px\" \/><\/p>\n<p>Dobra Kawiarnia to miejsce, kt\u00f3re tworzymy\u00a0 razem z osobami z niepe\u0142nosprawno\u015bci\u0105 intelektualn\u0105. Dla nas s\u0105 specjalistami od spraw dobrych i prostych \u2013 dostrzegamy ich potencja\u0142 i czysto\u015b\u0107 intencji.\u00a0W Dobrej chcemy podzieli\u0107 si\u0119 z Wami energi\u0105, wiedz\u0105 i nakarmi\u0107 Was marzeniami. Nasze logo to dmuchawiec, czyli \u017ar\u00f3d\u0142o pokarmu, marze\u0144 i dobrej energii.<\/p>\n<p><img loading=\"lazy\" decoding=\"async\" class=\"alignnone size-medium wp-image-4386\" src=\"http:\/\/www.old.wces.eu\/wp-content\/uploads\/2018\/01\/dobra-kawa-300x225.jpg\" alt=\"\" width=\"300\" height=\"225\" srcset=\"https:\/\/oldwces.barka.org.pl\/wp-content\/uploads\/2018\/01\/dobra-kawa-300x225.jpg 300w, https:\/\/oldwces.barka.org.pl\/wp-content\/uploads\/2018\/01\/dobra-kawa-400x300.jpg 400w, https:\/\/oldwces.barka.org.pl\/wp-content\/uploads\/2018\/01\/dobra-kawa.jpg 700w\" sizes=\"auto, (max-width: 300px) 100vw, 300px\" \/><\/p>\n<p style=\"text-align: justify;\">Zajmujemy si\u0119 gastronomi\u0105, ale organizujemy tak\u017ce warsztaty dla dzieci i doros\u0142ych, nieformalne spotkania oraz koncerty.<\/p>\n<p><strong>Telefon:<\/strong> 604 42 45 96<br \/>\n<strong>Email:<\/strong>\u00a0<a href=\"mailto:kawiarnia@dobra.com.pl\" target=\"_blank\" rel=\"noopener\">kawiarnia@dobra.com.pl<br \/>\n<\/a><strong>WEB:<\/strong> <a href=\"http:\/\/dobra.com.pl\/\" target=\"_blank\" rel=\"noopener\">www.dobra.com.pl<\/a><br \/>\n<strong><a href=\"https:\/\/www.facebook.com\/DobraSpoldzielniaSocjalna\/\" target=\"_blank\" rel=\"noopener\">Facebook<\/a><\/strong><br \/>\n<strong>Adres:<\/strong>\u00a0Pozna\u0144 61-732, ul. Nowowiejskiego 15<br \/>\n<strong>Rodzaj dzia\u0142alno\u015bci:<\/strong> gastronomia<br \/>\n<a href=\"http:\/\/www.old.wces.eu\/?cat=55\">Wiadomo\u015bci dotycz\u0105ce\u00a0Dobra Sp\u00f3\u0142dzielnia Socjalna<\/a><br \/>\n<strong>Mapa:<\/strong><\/p>\n<p><iframe loading=\"lazy\" style=\"border: 0;\" src=\"https:\/\/www.google.com\/maps\/embed?pb=!1m18!1m12!1m3!1d2433.795258096443!2d16.92667299999999!3d52.410386800000005!2m3!1f0!2f0!3f0!3m2!1i1024!2i768!4f13.1!3m3!1m2!1s0x47045b480bb36da3%3A0x86910f106039f303!2sNowowiejskiego+13%2F15%2C+Pozna%C5%84!5e0!3m2!1spl!2spl!4v1431518946405\" width=\"400\" height=\"300\" frameborder=\"0\"><\/iframe><\/p>\n<p><strong>Dobra Sp\u00f3\u0142dzielnia<br \/>\nTelefon:<\/strong>\u00a0\u00a0600 024 699 lub 791 396 940<br \/>\ne-mail:\u00a0<a href=\"mailto:dobra@dobra.com.pl\" target=\"_blank\" rel=\"noopener\">dobra@dobra.com.pl<\/a><br \/>\n<strong><a href=\"http:\/\/www.facebook.com\/DobraSpoldzielniaSocjalna\" target=\"_blank\" rel=\"noopener\">Facebook<\/a><\/strong><br \/>\n<strong>Adres:<\/strong>\u00a0 Pozna\u0144 60-131, ul. Pogodna 49\/4<br \/>\n<strong>Rodzaj dzia\u0142alno\u015bci:<\/strong> gastronomia<br \/>\n<strong>Mapa:<\/strong><\/p>\n<p><iframe loading=\"lazy\" style=\"border: 0;\" src=\"https:\/\/www.google.com\/maps\/embed?pb=!1m18!1m12!1m3!1d2434.9538459274845!2d16.8790069!3d52.389387000000006!2m3!1f0!2f0!3f0!3m2!1i1024!2i768!4f13.1!3m3!1m2!1s0x470445260d2c0fd9%3A0xa8773e57a128eb08!2sPogodna+49%2C+Pozna%C5%84!5e0!3m2!1spl!2spl!4v1431519006688\" width=\"400\" height=\"300\" frameborder=\"0\"><\/iframe><\/p>\n","protected":false},"excerpt":{"rendered":"<p>Dobra Kawiarnia Dobra Sp\u00f3\u0142dzielnia Socjalna to przedsi\u0119biorstw spo\u0142eczne, kt\u00f3rego za\u0142o\u017cycielami s\u0105 Polskie Stowarzyszenie Na Rzecz Os\u00f3b z Niepe\u0142nosprawno\u015bci\u0105 Intelektualn\u0105 Ko\u0142o w Poznaniu i Stowarzyszenie na Tak. Dobra Kawiarnia to miejsce, kt\u00f3re tworzymy\u00a0 razem z osobami z niepe\u0142nosprawno\u015bci\u0105 intelektualn\u0105. Dla nas &hellip; <a href=\"https:\/\/oldwces.barka.org.pl\/?page_id=2253\">Czytaj dalej <span class=\"meta-nav\">&rarr;<\/span><\/a><\/p>\n","protected":false},"author":1,"featured_media":0,"parent":0,"menu_order":0,"comment_status":"closed","ping_status":"closed","template":"sidebar-page.php","meta":{"jetpack_post_was_ever_published":false,"footnotes":""},"class_list":["post-2253","page","type-page","status-publish","hentry"],"aioseo_notices":[],"jetpack_shortlink":"https:\/\/wp.me\/P41gHA-Al","jetpack_sharing_enabled":true,"_links":{"self":[{"href":"https:\/\/oldwces.barka.org.pl\/index.php?rest_route=\/wp\/v2\/pages\/2253","targetHints":{"allow":["GET"]}}],"collection":[{"href":"https:\/\/oldwces.barka.org.pl\/index.php?rest_route=\/wp\/v2\/pages"}],"about":[{"href":"https:\/\/oldwces.barka.org.pl\/index.php?rest_route=\/wp\/v2\/types\/page"}],"author":[{"embeddable":true,"href":"https:\/\/oldwces.barka.org.pl\/index.php?rest_route=\/wp\/v2\/users\/1"}],"replies":[{"embeddable":true,"href":"https:\/\/oldwces.barka.org.pl\/index.php?rest_route=%2Fwp%2Fv2%2Fcomments&post=2253"}],"version-history":[{"count":10,"href":"https:\/\/oldwces.barka.org.pl\/index.php?rest_route=\/wp\/v2\/pages\/2253\/revisions"}],"predecessor-version":[{"id":4387,"href":"https:\/\/oldwces.barka.org.pl\/index.php?rest_route=\/wp\/v2\/pages\/2253\/revisions\/4387"}],"wp:attachment":[{"href":"https:\/\/oldwces.barka.org.pl\/index.php?rest_route=%2Fwp%2Fv2%2Fmedia&parent=2253"}],"curies":[{"name":"wp","href":"https:\/\/api.w.org\/{rel}","templated":true}]}}