{"id":1958,"date":"2015-03-11T11:16:21","date_gmt":"2015-03-11T10:16:21","guid":{"rendered":"http:\/\/www.old.wces.eu\/?page_id=1958"},"modified":"2018-04-23T18:57:18","modified_gmt":"2018-04-23T17:57:18","slug":"opinia","status":"publish","type":"page","link":"https:\/\/oldwces.barka.org.pl\/?page_id=1958","title":{"rendered":"Skargi i wnioski"},"content":{"rendered":"<p style=\"text-align: justify;\">W razie problem\u00f3w lub w\u0105tpliwo\u015bci odno\u015bnie do funkcjonowania akredytowanego O\u015brodka Wsparcia Ekonomii Spo\u0142ecznej prosimy o kontakt z Departamentem Ekonomii Spo\u0142ecznej i Solidarnej w Ministerstwie Rodziny, Pracy i Polityki Spo\u0142ecznej pod adresem:<\/p>\n<p style=\"text-align: justify;\"><strong>kontakt.akses@mrpips.gov.pl<\/strong><\/p>\n<p><a href=\"http:\/\/www.old.wces.eu\/wp-content\/uploads\/2018\/04\/informacja-o-skrzynce-pocty-elektronicznej.pdf\">informacja o skrzynce poczty elektronicznej<\/a><\/p>\n","protected":false},"excerpt":{"rendered":"<p>W razie problem\u00f3w lub w\u0105tpliwo\u015bci odno\u015bnie do funkcjonowania akredytowanego O\u015brodka Wsparcia Ekonomii Spo\u0142ecznej prosimy o kontakt z Departamentem Ekonomii Spo\u0142ecznej i Solidarnej w Ministerstwie Rodziny, Pracy i Polityki Spo\u0142ecznej pod adresem: kontakt.akses@mrpips.gov.pl informacja o skrzynce poczty elektronicznej<\/p>\n","protected":false},"author":1,"featured_media":0,"parent":0,"menu_order":0,"comment_status":"closed","ping_status":"closed","template":"sidebar-page.php","meta":{"jetpack_post_was_ever_published":false,"footnotes":""},"class_list":["post-1958","page","type-page","status-publish","hentry"],"aioseo_notices":[],"jetpack_shortlink":"https:\/\/wp.me\/P41gHA-vA","jetpack_sharing_enabled":true,"_links":{"self":[{"href":"https:\/\/oldwces.barka.org.pl\/index.php?rest_route=\/wp\/v2\/pages\/1958","targetHints":{"allow":["GET"]}}],"collection":[{"href":"https:\/\/oldwces.barka.org.pl\/index.php?rest_route=\/wp\/v2\/pages"}],"about":[{"href":"https:\/\/oldwces.barka.org.pl\/index.php?rest_route=\/wp\/v2\/types\/page"}],"author":[{"embeddable":true,"href":"https:\/\/oldwces.barka.org.pl\/index.php?rest_route=\/wp\/v2\/users\/1"}],"replies":[{"embeddable":true,"href":"https:\/\/oldwces.barka.org.pl\/index.php?rest_route=%2Fwp%2Fv2%2Fcomments&post=1958"}],"version-history":[{"count":8,"href":"https:\/\/oldwces.barka.org.pl\/index.php?rest_route=\/wp\/v2\/pages\/1958\/revisions"}],"predecessor-version":[{"id":5197,"href":"https:\/\/oldwces.barka.org.pl\/index.php?rest_route=\/wp\/v2\/pages\/1958\/revisions\/5197"}],"wp:attachment":[{"href":"https:\/\/oldwces.barka.org.pl\/index.php?rest_route=%2Fwp%2Fv2%2Fmedia&parent=1958"}],"curies":[{"name":"wp","href":"https:\/\/api.w.org\/{rel}","templated":true}]}}