{"id":1945,"date":"2016-01-01T08:00:10","date_gmt":"2016-01-01T07:00:10","guid":{"rendered":"http:\/\/www.old.wces.eu\/?page_id=1945"},"modified":"2018-10-30T16:36:25","modified_gmt":"2018-10-30T15:36:25","slug":"kadra","status":"publish","type":"page","link":"https:\/\/oldwces.barka.org.pl\/?page_id=1945","title":{"rendered":"Zesp\u00f3\u0142 WCES"},"content":{"rendered":"<p style=\"padding-left: 30px;\"><strong>Dost\u0119pno\u015b\u0107 pracownik\u00f3w w siedzibie WCES<\/strong>\u00a0*\/**<\/p>\n<p style=\"padding-left: 30px;\"><strong>Fundacja Pomocy Wzajemnej Barka<br \/>\n<\/strong>ul. \u015aw. Wincentego 6\/9<br \/>\n61-003 Pozna\u0144<br \/>\n<a href=\"http:\/\/www.old.wces.eu\">www.wces.eu<\/a><\/p>\n<ul>\n<li style=\"text-align: justify;\"><strong>Doradca kluczowy<\/strong><br \/>\n<strong>Patrycja Zenker<\/strong><br \/>\nka\u017cdy poniedzia\u0142ek w godzinach 08:00-16:00 oraz ka\u017cdorazowo po uprzednim um\u00f3wieniu si\u0119 na spotkanie.<br \/>\nEmail: <a href=\"mailto:patrycja.zenker@barka.org.pl\">patrycja.zenker@barka.org.pl<br \/>\n<\/a>Tel. +48 61 668 23 07<\/li>\n<li><strong>Doradca kluczowy<\/strong><br \/>\n<strong>Bartosz Pawlak<\/strong><br \/>\nka\u017cdy pi\u0105tek w godzinach 10:00-14:00 oraz ka\u017cdorazowo po uprzednim um\u00f3wieniu si\u0119 na spotkanie.<br \/>\nEmail: <a href=\"mailto:bartosz.pawlak@barka.org.pl\">bartosz.pawlak@barka.org.pl<\/a><br \/>\nTel. +48 61 668 24 30<\/li>\n<li><strong>Doradca kluczowy<\/strong><br \/>\n<strong>Justyna Brylewska<\/strong><br \/>\nod poniedzia\u0142ku do pi\u0105tku w godzinach 08.00-16.00<br \/>\nEmail: <u><a href=\"mailto:justyna.brylewska@barka.org.pl%0b\">justyna.brylewska@barka.org.pl<br \/>\n<\/a><\/u>Tel. +48 61 668 23 21<\/li>\n<li><strong>Kluczowy doradca biznesowy<\/strong><br \/>\n<strong>Krzysztof Urbaniak<\/strong><br \/>\nka\u017cdy wtorek w godzinach 08:00-16:00 oraz ka\u017cdorazowo po uprzednim um\u00f3wieniu si\u0119 na spotkanie.<br \/>\nEmail: <u><a href=\"mailto:monika.lisiecka@barka.org.pl%0b\">krzysztof.urbaniak@barka.org.pl<br \/>\n<\/a><\/u>Tel. +48 61\u00a0668 24 09<\/li>\n<li><strong>Kluczowy doradca biznesowy<\/strong><br \/>\n<strong>Rafa\u0142 Jaworski<\/strong><br \/>\nka\u017cda \u015broda w godzinach 08:00-16:00 oraz ka\u017cdorazowo po uprzednim um\u00f3wieniu si\u0119 na spotkanie.<br \/>\nEmail: <u><a href=\"mailto:rafa\u0142.jaworski@barka.org.pl%0b\">rafa\u0142.jaworski@barka.org.pl<br \/>\n<\/a><\/u> Tel. +48 61\u00a0668 23 05<\/li>\n<li><strong>Kluczowy doradca biznesowy<\/strong><br \/>\n<strong>Monika Lisiecka<\/strong><br \/>\nka\u017cdy poniedzia\u0142ek w godzinach 08:00-14:00 oraz ka\u017cdorazowo po uprzednim um\u00f3wieniu si\u0119 na spotkanie.<br \/>\nEmail: <u><a href=\"mailto:aleksandra.skraburska@barka.org.pl%0b\">monika.lisiecka@barka.org.pl<br \/>\n<\/a><\/u>Tel. +48 61 668 24 10<\/li>\n<li><strong>Kluczowy doradca biznesowy<\/strong><br \/>\n<strong>Magdalena Halicka-Go\u0142\u0119biowska<\/strong><br \/>\nka\u017cdy poniedzia\u0142ek w godzinach 08:00-16:00 oraz ka\u017cdorazowo po uprzednim um\u00f3wieniu si\u0119 na spotkanie.<br \/>\nEmail: <u><a href=\"mailto:magdalena.halicka@barka.org.pl%0b\">magdalena.halicka@barka.org.pl<br \/>\n<\/a><\/u>Tel. +48 61\u00a0668 24 08<\/li>\n<li><strong>Specjalista ds. reintegracji<\/strong><br \/>\n<strong>Aleksandra Bere\u017cnicka<\/strong><br \/>\nod poniedzia\u0142ku do czwartku w godzinach 08.00-16.00<br \/>\nEmail: aleksandra.bereznicka<u><a href=\"mailto:aleksandra.bereznicka@barka.org.pl%0b\">@barka.org.pl<\/a><\/u><u><a href=\"mailto:joanna.kubiak@barka.org.pl%0b\"><br \/>\n<\/a><\/u>Tel. +48 61 668 23 14<\/li>\n<li><strong>Animator<\/strong><br \/>\n<strong>Maria Sadowska<\/strong><br \/>\npo uprzednim um\u00f3wieniu si\u0119 na spotkanie<br \/>\nEmail: <a href=\"mailto:sadowscy@barka.org.pl\">maria.sadowska@barka.org.pl<br \/>\n<\/a>Tel. +48 530 435 179<br \/>\nTel. +48 61\u00a0668 24 14<\/li>\n<li><strong>Animator<\/strong><br \/>\n<strong>Piotr Szyma\u0144ski<\/strong><br \/>\npo uprzednim um\u00f3wieniu si\u0119 na spotkanie<br \/>\nEmail:\u00a0<u><a href=\"mailto:piotr.szymanski@barka.org.pl%0b\">piotr.szymanski@barka.org.pl<br \/>\n<\/a><\/u>Tel. +48\u00a0695\u00a0294 888<br \/>\nTel. +48 61\u00a0668 24 24<\/li>\n<li><strong>Specjalista ds. organizacji dzia\u0142a\u0144 partnerskich<\/strong><br \/>\n<strong>Barbara Sadowska<\/strong><br \/>\npo uprzednim um\u00f3wieniu si\u0119 na spotkanie<br \/>\nEmail: <u><a href=\"mailto:dagmara.szlandrowicz@barka.org.pl%0b\">sadowscy@barka.org.pl<br \/>\n<\/a><\/u>Tel. +48\u00a0607\u00a0587 259<br \/>\nTel. +48 61\u00a0668 23 16<\/li>\n<li><strong>Specjalista ds. zwi\u0119kszania widoczno\u015bci ekonomii spo\u0142ecznej<\/strong><br \/>\n<strong>El\u017cbieta Malik<\/strong><br \/>\npo uprzednim um\u00f3wieniu si\u0119 na spotkanie<br \/>\nEmail:\u00a0<u><a href=\"mailto:elzbieta.malik@barka.org.pl%0b\">elzbieta.malik@barka.org.pl<br \/>\n<\/a><\/u>Tel. +48 515 097 867<br \/>\nTel. +48 61\u00a0668 23 15<\/li>\n<li><strong>Specjalista ds. dotacji i wsparcia pomostowego<br \/>\nBeata Grze\u015bkowiak<\/strong><br \/>\nod poniedzia\u0142ku do pi\u0105tku w godzinach 07.30-15.00<br \/>\nEmail: beata.grzeskowiak<u><a href=\"mailto:beata.grzeskowiak@barka.org.pl%0b\">@barka.org.pl<\/a><\/u><u><a href=\"mailto:magdalena.kowalska@barka.org.pl%0b\"><br \/>\n<\/a><\/u>Tel: +48 61 668 23 20<br \/>\nTel: +48 603 117 724<\/li>\n<li><strong>Specjalista ds. dotacji i wsparcia pomostowego<\/strong><br \/>\n<strong>Magdalena Kowalska<\/strong><br \/>\nod poniedzia\u0142ku do pi\u0105tku w godzinach 07.30-15.00<br \/>\nEmail: <u><a href=\"mailto:magdalena.kowalska@barka.org.pl%0b\">magdalena.kowalska@barka.org.pl<br \/>\n<\/a><\/u>Tel: +48 61 668 23 02<br \/>\nTel: +48 603 117 724<\/li>\n<li><strong>Specjalista ds. monitoringu PES i PS<br \/>\nJustyna Budzy\u0144ska-Gawron<br \/>\n<\/strong>po uprzednim um\u00f3wieniu si\u0119 na spotkanie<br \/>\nEmail: justyna.gawron@barka.org.pl<br \/>\nTel. +48 609 660 430<br \/>\nTel. +48 61 668 24 21<\/li>\n<li><strong>Kierownik WCES<\/strong><br \/>\n<strong>Lidia W\u0119sierska<\/strong><br \/>\nka\u017cdy poniedzia\u0142ek w godzinach 9:30-15:30 oraz ka\u017cdorazowo po uprzednim um\u00f3wieniu si\u0119 na spotkanie<br \/>\nEmail: <u><a href=\"mailto:lidia.wesierska@barka.org.pl%0b\">lidia.wesierska@barka.org.pl<br \/>\n<\/a><\/u>Tel. +48\u00a0695\u00a0338 999<br \/>\nTel. +48 61\u00a0668 23 10<\/li>\n<\/ul>\n<p><strong>* z wy\u0142\u0105czeniem dni wolnych od pracy oraz \u015bwi\u0105tecznych<br \/>\n** spotkania prosimy potwierdza\u0107 telefonicznie lub\/i mailowo<\/strong><\/p>\n<p>&nbsp;<\/p>\n","protected":false},"excerpt":{"rendered":"<p>Dost\u0119pno\u015b\u0107 pracownik\u00f3w w siedzibie WCES\u00a0*\/** Fundacja Pomocy Wzajemnej Barka ul. \u015aw. Wincentego 6\/9 61-003 Pozna\u0144 www.wces.eu Doradca kluczowy Patrycja Zenker ka\u017cdy poniedzia\u0142ek w godzinach 08:00-16:00 oraz ka\u017cdorazowo po uprzednim um\u00f3wieniu si\u0119 na spotkanie. Email: patrycja.zenker@barka.org.pl Tel. +48 61 668 23 &hellip; <a href=\"https:\/\/oldwces.barka.org.pl\/?page_id=1945\">Czytaj dalej <span class=\"meta-nav\">&rarr;<\/span><\/a><\/p>\n","protected":false},"author":1,"featured_media":0,"parent":0,"menu_order":0,"comment_status":"closed","ping_status":"closed","template":"","meta":{"jetpack_post_was_ever_published":false,"footnotes":""},"class_list":["post-1945","page","type-page","status-publish","hentry"],"aioseo_notices":[],"jetpack_shortlink":"https:\/\/wp.me\/P41gHA-vn","jetpack_sharing_enabled":true,"_links":{"self":[{"href":"https:\/\/oldwces.barka.org.pl\/index.php?rest_route=\/wp\/v2\/pages\/1945","targetHints":{"allow":["GET"]}}],"collection":[{"href":"https:\/\/oldwces.barka.org.pl\/index.php?rest_route=\/wp\/v2\/pages"}],"about":[{"href":"https:\/\/oldwces.barka.org.pl\/index.php?rest_route=\/wp\/v2\/types\/page"}],"author":[{"embeddable":true,"href":"https:\/\/oldwces.barka.org.pl\/index.php?rest_route=\/wp\/v2\/users\/1"}],"replies":[{"embeddable":true,"href":"https:\/\/oldwces.barka.org.pl\/index.php?rest_route=%2Fwp%2Fv2%2Fcomments&post=1945"}],"version-history":[{"count":28,"href":"https:\/\/oldwces.barka.org.pl\/index.php?rest_route=\/wp\/v2\/pages\/1945\/revisions"}],"predecessor-version":[{"id":5556,"href":"https:\/\/oldwces.barka.org.pl\/index.php?rest_route=\/wp\/v2\/pages\/1945\/revisions\/5556"}],"wp:attachment":[{"href":"https:\/\/oldwces.barka.org.pl\/index.php?rest_route=%2Fwp%2Fv2%2Fmedia&parent=1945"}],"curies":[{"name":"wp","href":"https:\/\/api.w.org\/{rel}","templated":true}]}}