{"id":110,"date":"2013-10-02T12:59:30","date_gmt":"2013-10-02T11:59:30","guid":{"rendered":"http:\/\/www.old.wces.eu\/?page_id=110"},"modified":"2013-10-02T13:08:12","modified_gmt":"2013-10-02T12:08:12","slug":"ksztaltowanie-srodowisk-i-instytucji-dla-rozwoju-gospodarki-spolecznej-w-polsce","status":"publish","type":"page","link":"https:\/\/oldwces.barka.org.pl\/?page_id=110","title":{"rendered":"Kszta\u0142towanie \u015brodowisk i instytucji dla rozwoju gospodarki spo\u0142ecznej w Polsce"},"content":{"rendered":"<p style=\"text-align: justify;\">Rozwijane obecnie w Polsce dzia\u0142ania w obszarze\u00a0przedsi\u0119biorczo\u015bci spo\u0142ecznej okre\u015blane s\u0105 r\u00f3\u017cnymi\u00a0nazwami: gospodarka spo\u0142eczna, przedsi\u0119biorczo\u015b\u0107\u00a0spo\u0142eczna, ekonomia spo\u0142eczna czy solidarna.<\/p>\n<div id=\"attachment_105\" style=\"width: 310px\" class=\"wp-caption alignnone\"><a href=\"http:\/\/www.old.wces.eu\/wp-content\/uploads\/2013\/10\/Ksztaltowanie_srodowisk_instytucji.jpg\"><img loading=\"lazy\" decoding=\"async\" aria-describedby=\"caption-attachment-105\" class=\"size-full wp-image-105\" alt=\"Ksztaltowanie \u015arodowisk i Instytucji dla Rozwoju Gospodarki Spo\u0142ecznej w Polsce\" src=\"http:\/\/www.old.wces.eu\/wp-content\/uploads\/2013\/10\/Ksztaltowanie_srodowisk_instytucji.jpg\" width=\"300\" height=\"418\" srcset=\"https:\/\/oldwces.barka.org.pl\/wp-content\/uploads\/2013\/10\/Ksztaltowanie_srodowisk_instytucji.jpg 300w, https:\/\/oldwces.barka.org.pl\/wp-content\/uploads\/2013\/10\/Ksztaltowanie_srodowisk_instytucji-215x300.jpg 215w\" sizes=\"auto, (max-width: 300px) 100vw, 300px\" \/><\/a><p id=\"caption-attachment-105\" class=\"wp-caption-text\">Ksztaltowanie \u015arodowisk i Instytucji dla Rozwoju Gospodarki Spo\u0142ecznej w Polsce<\/p><\/div>\n<p style=\"text-align: justify;\">Ze wzgl\u0119du jednak na fakt, \u017ce dzia\u0142ania te\u00a0nawi\u0105zuj\u0105 do Konstytucji RP, gdzie w rozdziale 20\u00a0zosta\u0142a zapisana zasada \u201eo spo\u0142ecznej gospodarce\u00a0rynkowej\u201d jako podstawie kszta\u0142towania ustroju\u00a0Rzeczpospolitej, nale\u017cy przedsi\u0119biorczo\u015b\u0107 spo\u0142eczn\u0105\u00a0umiejscowi\u0107 w przestrzeni gospodarki rynkowej,\u00a0w tym jej fragmencie, kt\u00f3ry cechuje si\u0119 du\u017cym\u00a0uspo\u0142ecznieniem.\u00a0Znaczy to, \u017ce powstaj\u0105ce przedsi\u0119biorstwa spo\u0142eczne\u00a0ukierunkowane s\u0105 na stworzenie miejsca\u00a0pracy, ze szczeg\u00f3lnym naciskiem na osoby bezrobotne.\u00a0Tego typu przedsi\u0119biorstwa spo\u0142eczne\u00a0kszta\u0142tuj\u0105 nowe zasady na rynku: zasady pierwsze\u0144stwa\u00a0cz\u0142owieka przed kapita\u0142em. Zysk nie\u00a0podlega podzia\u0142owi, jak to ma miejsce w firmach\u00a0komercyjnych, ale jest reinwestowany w rozw\u00f3j\u00a0przedsi\u0119biorstwa. Dzia\u0142ania takie mog\u0105 realizowa\u0107\u00a0zar\u00f3wno organizacje obywatelskie, samorz\u0105dy\u00a0lokalne, jak i przedsi\u0119biorcy i firmy komercyjne\u00a0ukierunkowane na optyk\u0119 spo\u0142ecznej odpowiedzialno\u015bci\u00a0biznesu.\u00a0Powa\u017cny wk\u0142ad w rozw\u00f3j ekonomii solidarnej w\u00a0Polsce mia\u0142y programy realizowane przez Fundacj\u0119\u00a0Barka w latach 1989-2009. W pierwszym\u00a0etapie by\u0142y to wypracowywane modele funkcjonowania:<\/p>\n<ul style=\"text-align: justify;\">\n<li>samowystarczalnych wsp\u00f3lnot, kt\u00f3re mo\u017cnaby\u00a0dzisiaj nazwa\u0107 prototypami sp\u00f3\u0142dzielni socjalnych,<\/li>\n<li>program\u00f3w edukacjnych dla os\u00f3b z grup wykluczonych\u00a0w oparciu o warsztaty przyuczenia\u00a0zawodowego i edukacj\u0119 og\u00f3ln\u0105, kt\u00f3re pos\u0142u\u017cy\u0142y\u00a0jako wz\u00f3r do wprowadzenia w Polsce Ustawy\u00a0o Zatrudnieniu Socjalnym sankcjonuj\u0105cej\u00a0tworzenie centr\u00f3w integracji spo\u0142ecznej,<\/li>\n<li>osiedla mieszka\u0144 socjalnych (32 mieszkania wybudowane\u00a0w partnerstwie publiczno- spo\u0142eczno-\u00a0prywatnym w Poznaniu) dla os\u00f3b uczestnicz\u0105cych\u00a0w aktywnych formach reintegracji,\u00a0co pos\u0142u\u017cy\u0142o do nowelizacji ustawy o finansowym\u00a0wsparciu budowy mieszka\u0144 socjalnych\u00a0i schronie\u0144, do kt\u00f3rej wprowadzono zapis umo\u017cliwiaj\u0105cy\u00a0podejmowanie program\u00f3w budownictwa\u00a0socjalnego przez organizacje po\u017cytku\u00a0publicznego we wsp\u00f3\u0142pracy z gminami.<\/li>\n<\/ul>\n<p style=\"text-align: justify;\">Drugi etap dotyczy\u0142 powstawania sieci wsp\u00f3\u0142pracy\u00a0organizacji i instytucji, kt\u00f3re wyros\u0142y z wcze\u015bniej\u00a0wypracowanych program\u00f3w i utworzenia Zwi\u0105zku\u00a0Organizacji Sie\u0107 Wsp\u00f3\u0142pracy Barka. Trzeci\u00a0etap realizowany by\u0142 w latach 2005 \u2013 2008 i dotyczy\u0142\u00a0budowania partnerstw na rzecz integracji i\u00a0przedsi\u0119biorczo\u015bci spo\u0142ecznej w 6 \u015brodowiskach\u00a0lokalnych w oparciu o program IW Equal, w wyniku\u00a0kt\u00f3rego utworzonych zosta\u0142o ok. 26 podmiot\u00f3w\u00a0gospodarki spo\u0142ecznej, w tym 20 sp\u00f3\u0142dzielni socjalnych,\u00a03 sp\u00f3\u0142ki z o.o. i 3 przedsi\u0119biorstwa spo\u0142eczne.\u00a0W 20 miejscowo\u015bciach wiejskich utworzone\u00a0zosta\u0142y nowe stowarzyszenia animuj\u0105ce dzia\u0142ania\u00a0obywatelskie w spo\u0142eczno\u015bci lokalnej.<\/p>\n<div><object style=\"width: 600px; height: 426px;\" width=\"100\" height=\"100\" classid=\"clsid:d27cdb6e-ae6d-11cf-96b8-444553540000\" codebase=\"http:\/\/download.macromedia.com\/pub\/shockwave\/cabs\/flash\/swflash.cab#version=6,0,40,0\"><param name=\"data\" value=\"http:\/\/static.issuu.com\/webembed\/viewers\/style1\/v1\/IssuuViewer.swf?mode=embed&amp;layout=http%3A%2F%2Fskin.issuu.com%2Fv%2Flight%2Flayout.xml&amp;showFlipBtn=true&amp;documentId=110127195053-b3de651dd48e4e79960c379508b30222&amp;docName=namedd48e4&amp;username=barka&amp;loadingInfoText=Kszta%C5%82towanie%20%C5%9Brodowisk%20i%20instytucji%20dla%20rozwoju%20gospodarki%20spo%C5%82ecznej%20w%20Polsce&amp;et=1297085214339&amp;er=36\" \/><param name=\"allowfullscreen\" value=\"true\" \/><param name=\"menu\" value=\"false\" \/><param name=\"src\" value=\"http:\/\/static.issuu.com\/webembed\/viewers\/style1\/v1\/IssuuViewer.swf?mode=embed&amp;layout=http%3A%2F%2Fskin.issuu.com%2Fv%2Flight%2Flayout.xml&amp;showFlipBtn=true&amp;documentId=110127195053-b3de651dd48e4e79960c379508b30222&amp;docName=namedd48e4&amp;username=barka&amp;loadingInfoText=Kszta%C5%82towanie%20%C5%9Brodowisk%20i%20instytucji%20dla%20rozwoju%20gospodarki%20spo%C5%82ecznej%20w%20Polsce&amp;et=1297085214339&amp;er=36\" \/><param name=\"flashvars\" value=\"mode=embed&amp;layout=http%3A%2F%2Fskin.issuu.com%2Fv%2Flight%2Flayout.xml&amp;showFlipBtn=true&amp;documentId=110127195053-b3de651dd48e4e79960c379508b30222&amp;docName=namedd48e4&amp;username=barka&amp;loadingInfoText=Kszta%C5%82towanie%20%C5%9Brodowisk%20i%20instytucji%20dla%20rozwoju%20gospodarki%20spo%C5%82ecznej%20w%20Polsce&amp;et=1297085214339&amp;er=36\" \/><\/object><\/div>\n<p>.<\/p>\n","protected":false},"excerpt":{"rendered":"<p>Rozwijane obecnie w Polsce dzia\u0142ania w obszarze\u00a0przedsi\u0119biorczo\u015bci spo\u0142ecznej okre\u015blane s\u0105 r\u00f3\u017cnymi\u00a0nazwami: gospodarka spo\u0142eczna, przedsi\u0119biorczo\u015b\u0107\u00a0spo\u0142eczna, ekonomia spo\u0142eczna czy solidarna. Ze wzgl\u0119du jednak na fakt, \u017ce dzia\u0142ania te\u00a0nawi\u0105zuj\u0105 do Konstytucji RP, gdzie w rozdziale 20\u00a0zosta\u0142a zapisana zasada \u201eo spo\u0142ecznej gospodarce\u00a0rynkowej\u201d jako podstawie &hellip; <a href=\"https:\/\/oldwces.barka.org.pl\/?page_id=110\">Czytaj dalej <span class=\"meta-nav\">&rarr;<\/span><\/a><\/p>\n","protected":false},"author":1,"featured_media":105,"parent":0,"menu_order":0,"comment_status":"closed","ping_status":"closed","template":"sidebar-page.php","meta":{"jetpack_post_was_ever_published":false,"footnotes":""},"class_list":["post-110","page","type-page","status-publish","has-post-thumbnail","hentry"],"aioseo_notices":[],"jetpack_shortlink":"https:\/\/wp.me\/P41gHA-1M","jetpack_sharing_enabled":true,"_links":{"self":[{"href":"https:\/\/oldwces.barka.org.pl\/index.php?rest_route=\/wp\/v2\/pages\/110","targetHints":{"allow":["GET"]}}],"collection":[{"href":"https:\/\/oldwces.barka.org.pl\/index.php?rest_route=\/wp\/v2\/pages"}],"about":[{"href":"https:\/\/oldwces.barka.org.pl\/index.php?rest_route=\/wp\/v2\/types\/page"}],"author":[{"embeddable":true,"href":"https:\/\/oldwces.barka.org.pl\/index.php?rest_route=\/wp\/v2\/users\/1"}],"replies":[{"embeddable":true,"href":"https:\/\/oldwces.barka.org.pl\/index.php?rest_route=%2Fwp%2Fv2%2Fcomments&post=110"}],"version-history":[{"count":1,"href":"https:\/\/oldwces.barka.org.pl\/index.php?rest_route=\/wp\/v2\/pages\/110\/revisions"}],"predecessor-version":[{"id":111,"href":"https:\/\/oldwces.barka.org.pl\/index.php?rest_route=\/wp\/v2\/pages\/110\/revisions\/111"}],"wp:featuredmedia":[{"embeddable":true,"href":"https:\/\/oldwces.barka.org.pl\/index.php?rest_route=\/wp\/v2\/media\/105"}],"wp:attachment":[{"href":"https:\/\/oldwces.barka.org.pl\/index.php?rest_route=%2Fwp%2Fv2%2Fmedia&parent=110"}],"curies":[{"name":"wp","href":"https:\/\/api.w.org\/{rel}","templated":true}]}}